{"id":10,"date":"2020-07-07T14:03:33","date_gmt":"2020-07-07T14:03:33","guid":{"rendered":"https:\/\/volksschule.st-aegidi.at\/?page_id=10"},"modified":"2025-12-01T10:33:47","modified_gmt":"2025-12-01T10:33:47","slug":"logo","status":"publish","type":"page","link":"https:\/\/volksschule.st-aegidi.at\/index.php\/logo\/","title":{"rendered":"Logo"},"content":{"rendered":"\t\t<div data-elementor-type=\"wp-page\" data-elementor-id=\"10\" class=\"elementor elementor-10\">\n\t\t\t\t\t\t<section class=\"elementor-section elementor-top-section elementor-element elementor-element-d945bdf elementor-section-boxed elementor-section-height-default elementor-section-height-default\" data-id=\"d945bdf\" data-element_type=\"section\" data-e-type=\"section\">\n\t\t\t\t\t\t<div class=\"elementor-container elementor-column-gap-default\">\n\t\t\t\t\t<div class=\"elementor-column elementor-col-100 elementor-top-column elementor-element elementor-element-978ada7\" data-id=\"978ada7\" data-element_type=\"column\" data-e-type=\"column\">\n\t\t\t<div class=\"elementor-widget-wrap elementor-element-populated\">\n\t\t\t\t\t\t<div class=\"elementor-element elementor-element-2d730ee elementor-widget elementor-widget-image\" data-id=\"2d730ee\" data-element_type=\"widget\" data-e-type=\"widget\" data-widget_type=\"image.default\">\n\t\t\t\t<div class=\"elementor-widget-container\">\n\t\t\t\t\t\t\t\t\t\t\t\t\t\t\t<img decoding=\"async\" width=\"200\" height=\"168\" src=\"https:\/\/volksschule.st-aegidi.at\/wp-content\/uploads\/2020\/07\/logo1.jpg\" class=\"attachment-medium size-medium wp-image-60\" alt=\"\" \/>\t\t\t\t\t\t\t\t\t\t\t\t\t\t\t<\/div>\n\t\t\t\t<\/div>\n\t\t\t\t<div class=\"elementor-element elementor-element-c031495 elementor-widget elementor-widget-text-editor\" data-id=\"c031495\" data-element_type=\"widget\" data-e-type=\"widget\" data-widget_type=\"text-editor.default\">\n\t\t\t\t<div class=\"elementor-widget-container\">\n\t\t\t\t\t\t\t\t\t<p align=\"center\">\u00a0<\/p><p class=\"head\" align=\"left\"><strong> <span class=\"Stil1\">Das Logo unserer VS<\/span> St. Aegidi<\/strong><\/p><p><span class=\"underline Stil7\">K\u00fcnstlerische Gestaltung:<\/span><span class=\"subhead Stil7\"> Mag. Clemens Huber<br \/><\/span><span class=\"underline Stil7\"><strong>Idee:<\/strong><\/span><span class=\"subhead Stil7\"> Sch\u00fclerInnen und LehrerInnen der Volksschule St. Aegidi<\/span><\/p><p class=\"subhead\">Unser Logo symbolisiert unsere Sch\u00fclerInnen, die in der Gemeinschaft unserer Schule miteinander wachsen, ihre Anlagen und Talente entwickeln und zu nutzen lernen.<\/p><p class=\"subhead\">Es symbolisiert aber auch die Gemeinschaft und Zusammenarbeit zwischen Schule, Eltern, Sch\u00fclerInnen und LehrerInnen.<\/p><p class=\"subhead\">Nur gemeinsam sind wir stark und k\u00f6nnen etwas bewegen.<\/p><p class=\"subhead\">Der Kinderkreis steht au\u00dferdem f\u00fcr Geborgenheit, f\u00fcr eine Schule, in der sich Lernende und LehrerInnen \u201ewohl f\u00fchlen\u201c und f\u00fcr eine p\u00e4dagogische Atmosph\u00e4re, die Lernen zul\u00e4sst.<\/p><p><span class=\"subhead\">\u201cWohlf\u00fchlen\u201c im Sinne von gegenseitiger Wertsch\u00e4tzung und des Wohlwollens, der gegenseitigen Achtung und der bestm\u00f6glichen, gezielten individuellen F\u00f6rderung und Forderung unter dem Motto \u201eLernen kann auch Freude bereiten\u201c. <\/span><\/p><p class=\"subhead\">Denn dort, wo man sich wohl f\u00fchlt, geht man gerne hin. Dort, wo man gerne hingeht, da ist man auch bereit, etwas zu leisten, mehr zu leisten, ja sogar jeder f\u00fcr sich individuell sein Bestes zu geben.<\/p>\t\t\t\t\t\t\t\t<\/div>\n\t\t\t\t<\/div>\n\t\t\t\t\t<\/div>\n\t\t<\/div>\n\t\t\t\t\t<\/div>\n\t\t<\/section>\n\t\t\t\t<\/div>\n\t\t","protected":false},"excerpt":{"rendered":"<p>\u00a0 Das Logo unserer VS St. Aegidi K\u00fcnstlerische Gestaltung: Mag. Clemens HuberIdee: Sch\u00fclerInnen und LehrerInnen <a class=\"more-link\" href=\"https:\/\/volksschule.st-aegidi.at\/index.php\/logo\/\">Weiterlesen&#8230;<\/a><\/p>\n","protected":false},"author":4,"featured_media":0,"parent":0,"menu_order":0,"comment_status":"closed","ping_status":"closed","template":"","meta":{"footnotes":""},"class_list":["post-10","page","type-page","status-publish","hentry"],"jetpack_sharing_enabled":true,"_links":{"self":[{"href":"https:\/\/volksschule.st-aegidi.at\/index.php\/wp-json\/wp\/v2\/pages\/10","targetHints":{"allow":["GET"]}}],"collection":[{"href":"https:\/\/volksschule.st-aegidi.at\/index.php\/wp-json\/wp\/v2\/pages"}],"about":[{"href":"https:\/\/volksschule.st-aegidi.at\/index.php\/wp-json\/wp\/v2\/types\/page"}],"author":[{"embeddable":true,"href":"https:\/\/volksschule.st-aegidi.at\/index.php\/wp-json\/wp\/v2\/users\/4"}],"replies":[{"embeddable":true,"href":"https:\/\/volksschule.st-aegidi.at\/index.php\/wp-json\/wp\/v2\/comments?post=10"}],"version-history":[{"count":6,"href":"https:\/\/volksschule.st-aegidi.at\/index.php\/wp-json\/wp\/v2\/pages\/10\/revisions"}],"predecessor-version":[{"id":572,"href":"https:\/\/volksschule.st-aegidi.at\/index.php\/wp-json\/wp\/v2\/pages\/10\/revisions\/572"}],"wp:attachment":[{"href":"https:\/\/volksschule.st-aegidi.at\/index.php\/wp-json\/wp\/v2\/media?parent=10"}],"curies":[{"name":"wp","href":"https:\/\/api.w.org\/{rel}","templated":true}]}}