{"id":12,"date":"2020-07-07T14:03:42","date_gmt":"2020-07-07T14:03:42","guid":{"rendered":"https:\/\/volksschule.st-aegidi.at\/?page_id=12"},"modified":"2026-04-15T06:54:38","modified_gmt":"2026-04-15T06:54:38","slug":"unser-team","status":"publish","type":"page","link":"https:\/\/volksschule.st-aegidi.at\/index.php\/unser-team\/","title":{"rendered":"Unser Team"},"content":{"rendered":"\t\t<div data-elementor-type=\"wp-page\" data-elementor-id=\"12\" class=\"elementor elementor-12\">\n\t\t\t\t\t\t<section class=\"elementor-section elementor-top-section elementor-element elementor-element-a65f29a elementor-section-boxed elementor-section-height-default elementor-section-height-default\" data-id=\"a65f29a\" data-element_type=\"section\" data-e-type=\"section\">\n\t\t\t\t\t\t<div class=\"elementor-container elementor-column-gap-default\">\n\t\t\t\t\t<div class=\"elementor-column elementor-col-100 elementor-top-column elementor-element elementor-element-66a6a7b\" data-id=\"66a6a7b\" data-element_type=\"column\" data-e-type=\"column\">\n\t\t\t<div class=\"elementor-widget-wrap elementor-element-populated\">\n\t\t\t\t\t\t<div class=\"elementor-element elementor-element-eb3d3fe elementor-widget elementor-widget-text-editor\" data-id=\"eb3d3fe\" data-element_type=\"widget\" data-e-type=\"widget\" data-widget_type=\"text-editor.default\">\n\t\t\t\t<div class=\"elementor-widget-container\">\n\t\t\t\t\t\t\t\t\t<h1 align=\"center\">Das Team der VS St. Aegidi<\/h1>\n<h4>Als Team schaffen wir Lernr\u00e4ume, in denen sich Kinder gesehen, unterst\u00fctzt und gest\u00e4rkt f\u00fchlen.<\/h4>\t\t\t\t\t\t\t\t<\/div>\n\t\t\t\t<\/div>\n\t\t\t\t\t<\/div>\n\t\t<\/div>\n\t\t\t\t\t<\/div>\n\t\t<\/section>\n\t\t\t\t<section class=\"elementor-section elementor-top-section elementor-element elementor-element-e941a0c elementor-section-boxed elementor-section-height-default elementor-section-height-default\" data-id=\"e941a0c\" data-element_type=\"section\" data-e-type=\"section\">\n\t\t\t\t\t\t<div class=\"elementor-container elementor-column-gap-default\">\n\t\t\t\t\t<div class=\"elementor-column elementor-col-20 elementor-top-column elementor-element elementor-element-94846d2\" data-id=\"94846d2\" data-element_type=\"column\" data-e-type=\"column\">\n\t\t\t<div class=\"elementor-widget-wrap elementor-element-populated\">\n\t\t\t\t\t\t<div class=\"elementor-element elementor-element-d1246dc elementor-widget__width-initial elementor-widget elementor-widget-image\" data-id=\"d1246dc\" data-element_type=\"widget\" data-e-type=\"widget\" data-widget_type=\"image.default\">\n\t\t\t\t<div class=\"elementor-widget-container\">\n\t\t\t\t\t\t\t\t\t\t\t\t\t\t\t<img fetchpriority=\"high\" decoding=\"async\" width=\"731\" height=\"1024\" src=\"https:\/\/volksschule.st-aegidi.at\/wp-content\/uploads\/2026\/04\/Brigitte-Hackner-731x1024.jpg\" class=\"attachment-large size-large wp-image-1135\" alt=\"\" srcset=\"https:\/\/volksschule.st-aegidi.at\/wp-content\/uploads\/2026\/04\/Brigitte-Hackner-731x1024.jpg 731w, https:\/\/volksschule.st-aegidi.at\/wp-content\/uploads\/2026\/04\/Brigitte-Hackner-214x300.jpg 214w, https:\/\/volksschule.st-aegidi.at\/wp-content\/uploads\/2026\/04\/Brigitte-Hackner-768x1076.jpg 768w, https:\/\/volksschule.st-aegidi.at\/wp-content\/uploads\/2026\/04\/Brigitte-Hackner-1096x1536.jpg 1096w, https:\/\/volksschule.st-aegidi.at\/wp-content\/uploads\/2026\/04\/Brigitte-Hackner-1461x2048.jpg 1461w, https:\/\/volksschule.st-aegidi.at\/wp-content\/uploads\/2026\/04\/Brigitte-Hackner.jpg 1500w\" sizes=\"(max-width: 731px) 100vw, 731px\" \/>\t\t\t\t\t\t\t\t\t\t\t\t\t\t\t<\/div>\n\t\t\t\t<\/div>\n\t\t\t\t<div class=\"elementor-element elementor-element-ad469aa elementor-widget elementor-widget-text-editor\" data-id=\"ad469aa\" data-element_type=\"widget\" data-e-type=\"widget\" data-widget_type=\"text-editor.default\">\n\t\t\t\t<div class=\"elementor-widget-container\">\n\t\t\t\t\t\t\t\t\t<p>\u00a0<\/p><ol><li>Brigitte Hackner<p>Schulleitung<\/p><\/li><\/ol>\t\t\t\t\t\t\t\t<\/div>\n\t\t\t\t<\/div>\n\t\t\t\t\t<\/div>\n\t\t<\/div>\n\t\t\t\t<div class=\"elementor-column elementor-col-20 elementor-top-column elementor-element elementor-element-4deedec\" data-id=\"4deedec\" data-element_type=\"column\" data-e-type=\"column\">\n\t\t\t<div class=\"elementor-widget-wrap elementor-element-populated\">\n\t\t\t\t\t\t<div class=\"elementor-element elementor-element-83db822 elementor-widget__width-initial elementor-widget elementor-widget-image\" data-id=\"83db822\" data-element_type=\"widget\" data-e-type=\"widget\" data-widget_type=\"image.default\">\n\t\t\t\t<div class=\"elementor-widget-container\">\n\t\t\t\t\t\t\t\t\t\t\t\t\t\t\t<img decoding=\"async\" width=\"768\" height=\"1076\" src=\"https:\/\/volksschule.st-aegidi.at\/wp-content\/uploads\/2026\/04\/Christina-Ecker-768x1076.jpg\" class=\"attachment-medium_large size-medium_large wp-image-1137\" alt=\"\" srcset=\"https:\/\/volksschule.st-aegidi.at\/wp-content\/uploads\/2026\/04\/Christina-Ecker-768x1076.jpg 768w, https:\/\/volksschule.st-aegidi.at\/wp-content\/uploads\/2026\/04\/Christina-Ecker-214x300.jpg 214w, https:\/\/volksschule.st-aegidi.at\/wp-content\/uploads\/2026\/04\/Christina-Ecker-731x1024.jpg 731w, https:\/\/volksschule.st-aegidi.at\/wp-content\/uploads\/2026\/04\/Christina-Ecker-1096x1536.jpg 1096w, https:\/\/volksschule.st-aegidi.at\/wp-content\/uploads\/2026\/04\/Christina-Ecker-1461x2048.jpg 1461w, https:\/\/volksschule.st-aegidi.at\/wp-content\/uploads\/2026\/04\/Christina-Ecker.jpg 1500w\" sizes=\"(max-width: 768px) 100vw, 768px\" \/>\t\t\t\t\t\t\t\t\t\t\t\t\t\t\t<\/div>\n\t\t\t\t<\/div>\n\t\t\t\t<div class=\"elementor-element elementor-element-b9ec3b0 elementor-widget elementor-widget-text-editor\" data-id=\"b9ec3b0\" data-element_type=\"widget\" data-e-type=\"widget\" data-widget_type=\"text-editor.default\">\n\t\t\t\t<div class=\"elementor-widget-container\">\n\t\t\t\t\t\t\t\t\t<ol><li>\u00a0<\/li><li>Christina Ecker<\/li><li>1. Klasse<\/li><\/ol>\t\t\t\t\t\t\t\t<\/div>\n\t\t\t\t<\/div>\n\t\t\t\t\t<\/div>\n\t\t<\/div>\n\t\t\t\t<div class=\"elementor-column elementor-col-20 elementor-top-column elementor-element elementor-element-49d2c69\" data-id=\"49d2c69\" data-element_type=\"column\" data-e-type=\"column\">\n\t\t\t<div class=\"elementor-widget-wrap elementor-element-populated\">\n\t\t\t\t\t\t<div class=\"elementor-element elementor-element-ee7ea40 elementor-widget__width-initial elementor-widget elementor-widget-image\" data-id=\"ee7ea40\" data-element_type=\"widget\" data-e-type=\"widget\" data-widget_type=\"image.default\">\n\t\t\t\t<div class=\"elementor-widget-container\">\n\t\t\t\t\t\t\t\t\t\t\t\t\t\t\t<img decoding=\"async\" width=\"731\" height=\"1024\" src=\"https:\/\/volksschule.st-aegidi.at\/wp-content\/uploads\/2026\/04\/Gertrude-Ertl-731x1024.jpg\" class=\"attachment-large size-large wp-image-1140\" alt=\"\" srcset=\"https:\/\/volksschule.st-aegidi.at\/wp-content\/uploads\/2026\/04\/Gertrude-Ertl-731x1024.jpg 731w, https:\/\/volksschule.st-aegidi.at\/wp-content\/uploads\/2026\/04\/Gertrude-Ertl-214x300.jpg 214w, https:\/\/volksschule.st-aegidi.at\/wp-content\/uploads\/2026\/04\/Gertrude-Ertl-768x1076.jpg 768w, https:\/\/volksschule.st-aegidi.at\/wp-content\/uploads\/2026\/04\/Gertrude-Ertl-1096x1536.jpg 1096w, https:\/\/volksschule.st-aegidi.at\/wp-content\/uploads\/2026\/04\/Gertrude-Ertl-1461x2048.jpg 1461w, https:\/\/volksschule.st-aegidi.at\/wp-content\/uploads\/2026\/04\/Gertrude-Ertl.jpg 1500w\" sizes=\"(max-width: 731px) 100vw, 731px\" \/>\t\t\t\t\t\t\t\t\t\t\t\t\t\t\t<\/div>\n\t\t\t\t<\/div>\n\t\t\t\t<div class=\"elementor-element elementor-element-7014161 elementor-widget elementor-widget-text-editor\" data-id=\"7014161\" data-element_type=\"widget\" data-e-type=\"widget\" data-widget_type=\"text-editor.default\">\n\t\t\t\t<div class=\"elementor-widget-container\">\n\t\t\t\t\t\t\t\t\t<ol><li>\u00a0<\/li><li>Gertrude Ertl<\/li><li>2. Klasse<\/li><\/ol>\t\t\t\t\t\t\t\t<\/div>\n\t\t\t\t<\/div>\n\t\t\t\t\t<\/div>\n\t\t<\/div>\n\t\t\t\t<div class=\"elementor-column elementor-col-20 elementor-top-column elementor-element elementor-element-d1576e1\" data-id=\"d1576e1\" data-element_type=\"column\" data-e-type=\"column\">\n\t\t\t<div class=\"elementor-widget-wrap elementor-element-populated\">\n\t\t\t\t\t\t<div class=\"elementor-element elementor-element-a4c4bf8 elementor-widget__width-initial elementor-widget elementor-widget-image\" data-id=\"a4c4bf8\" data-element_type=\"widget\" data-e-type=\"widget\" data-widget_type=\"image.default\">\n\t\t\t\t<div class=\"elementor-widget-container\">\n\t\t\t\t\t\t\t\t\t\t\t\t\t\t\t<img loading=\"lazy\" decoding=\"async\" width=\"1461\" height=\"2048\" src=\"https:\/\/volksschule.st-aegidi.at\/wp-content\/uploads\/2026\/04\/Burgi-Humer-1461x2048.jpg\" class=\"attachment-2048x2048 size-2048x2048 wp-image-1136\" alt=\"\" srcset=\"https:\/\/volksschule.st-aegidi.at\/wp-content\/uploads\/2026\/04\/Burgi-Humer-1461x2048.jpg 1461w, https:\/\/volksschule.st-aegidi.at\/wp-content\/uploads\/2026\/04\/Burgi-Humer-214x300.jpg 214w, https:\/\/volksschule.st-aegidi.at\/wp-content\/uploads\/2026\/04\/Burgi-Humer-731x1024.jpg 731w, https:\/\/volksschule.st-aegidi.at\/wp-content\/uploads\/2026\/04\/Burgi-Humer-768x1076.jpg 768w, https:\/\/volksschule.st-aegidi.at\/wp-content\/uploads\/2026\/04\/Burgi-Humer-1096x1536.jpg 1096w, https:\/\/volksschule.st-aegidi.at\/wp-content\/uploads\/2026\/04\/Burgi-Humer.jpg 1500w\" sizes=\"(max-width: 1461px) 100vw, 1461px\" \/>\t\t\t\t\t\t\t\t\t\t\t\t\t\t\t<\/div>\n\t\t\t\t<\/div>\n\t\t\t\t<div class=\"elementor-element elementor-element-c53d227 elementor-widget elementor-widget-text-editor\" data-id=\"c53d227\" data-element_type=\"widget\" data-e-type=\"widget\" data-widget_type=\"text-editor.default\">\n\t\t\t\t<div class=\"elementor-widget-container\">\n\t\t\t\t\t\t\t\t\t<ol><li>\u00a0<\/li><li>Notburga Humer<\/li><li>Stellvertretung<\/li><\/ol><p>3a Klasse<\/p>\t\t\t\t\t\t\t\t<\/div>\n\t\t\t\t<\/div>\n\t\t\t\t\t<\/div>\n\t\t<\/div>\n\t\t\t\t<div class=\"elementor-column elementor-col-20 elementor-top-column elementor-element elementor-element-8cb9677\" data-id=\"8cb9677\" data-element_type=\"column\" data-e-type=\"column\">\n\t\t\t<div class=\"elementor-widget-wrap elementor-element-populated\">\n\t\t\t\t\t\t<div class=\"elementor-element elementor-element-0b55c6e elementor-widget__width-initial elementor-widget elementor-widget-image\" data-id=\"0b55c6e\" data-element_type=\"widget\" data-e-type=\"widget\" data-widget_type=\"image.default\">\n\t\t\t\t<div class=\"elementor-widget-container\">\n\t\t\t\t\t\t\t\t\t\t\t\t\t\t\t<img loading=\"lazy\" decoding=\"async\" width=\"731\" height=\"1024\" src=\"https:\/\/volksschule.st-aegidi.at\/wp-content\/uploads\/2026\/04\/Gabi-Dantler-731x1024.jpg\" class=\"attachment-large size-large wp-image-1138\" alt=\"\" srcset=\"https:\/\/volksschule.st-aegidi.at\/wp-content\/uploads\/2026\/04\/Gabi-Dantler-731x1024.jpg 731w, https:\/\/volksschule.st-aegidi.at\/wp-content\/uploads\/2026\/04\/Gabi-Dantler-214x300.jpg 214w, https:\/\/volksschule.st-aegidi.at\/wp-content\/uploads\/2026\/04\/Gabi-Dantler-768x1076.jpg 768w, https:\/\/volksschule.st-aegidi.at\/wp-content\/uploads\/2026\/04\/Gabi-Dantler-1096x1536.jpg 1096w, https:\/\/volksschule.st-aegidi.at\/wp-content\/uploads\/2026\/04\/Gabi-Dantler-1461x2048.jpg 1461w, https:\/\/volksschule.st-aegidi.at\/wp-content\/uploads\/2026\/04\/Gabi-Dantler.jpg 1500w\" sizes=\"(max-width: 731px) 100vw, 731px\" \/>\t\t\t\t\t\t\t\t\t\t\t\t\t\t\t<\/div>\n\t\t\t\t<\/div>\n\t\t\t\t<div class=\"elementor-element elementor-element-dcdbcf4 elementor-widget elementor-widget-text-editor\" data-id=\"dcdbcf4\" data-element_type=\"widget\" data-e-type=\"widget\" data-widget_type=\"text-editor.default\">\n\t\t\t\t<div class=\"elementor-widget-container\">\n\t\t\t\t\t\t\t\t\t<ol><li>\u00a0<\/li><li>Gabriele Dantler<\/li><li>3b Klasse<\/li><\/ol>\t\t\t\t\t\t\t\t<\/div>\n\t\t\t\t<\/div>\n\t\t\t\t\t<\/div>\n\t\t<\/div>\n\t\t\t\t\t<\/div>\n\t\t<\/section>\n\t\t\t\t<section class=\"elementor-section elementor-top-section elementor-element elementor-element-93f73fe elementor-section-boxed elementor-section-height-default elementor-section-height-default\" data-id=\"93f73fe\" data-element_type=\"section\" data-e-type=\"section\">\n\t\t\t\t\t\t<div class=\"elementor-container elementor-column-gap-default\">\n\t\t\t\t\t<div class=\"elementor-column elementor-col-20 elementor-top-column elementor-element elementor-element-bad7260\" data-id=\"bad7260\" data-element_type=\"column\" data-e-type=\"column\">\n\t\t\t<div class=\"elementor-widget-wrap elementor-element-populated\">\n\t\t\t\t\t\t<div class=\"elementor-element elementor-element-8b4075d elementor-widget__width-initial elementor-widget elementor-widget-image\" data-id=\"8b4075d\" data-element_type=\"widget\" data-e-type=\"widget\" data-widget_type=\"image.default\">\n\t\t\t\t<div class=\"elementor-widget-container\">\n\t\t\t\t\t\t\t\t\t\t\t\t\t\t\t<img loading=\"lazy\" decoding=\"async\" width=\"214\" height=\"300\" src=\"https:\/\/volksschule.st-aegidi.at\/wp-content\/uploads\/2026\/04\/Verena-Weinbauer-214x300.jpg\" class=\"attachment-medium size-medium wp-image-1144\" alt=\"\" srcset=\"https:\/\/volksschule.st-aegidi.at\/wp-content\/uploads\/2026\/04\/Verena-Weinbauer-214x300.jpg 214w, https:\/\/volksschule.st-aegidi.at\/wp-content\/uploads\/2026\/04\/Verena-Weinbauer-731x1024.jpg 731w, https:\/\/volksschule.st-aegidi.at\/wp-content\/uploads\/2026\/04\/Verena-Weinbauer-768x1076.jpg 768w, https:\/\/volksschule.st-aegidi.at\/wp-content\/uploads\/2026\/04\/Verena-Weinbauer-1096x1536.jpg 1096w, https:\/\/volksschule.st-aegidi.at\/wp-content\/uploads\/2026\/04\/Verena-Weinbauer-1461x2048.jpg 1461w, https:\/\/volksschule.st-aegidi.at\/wp-content\/uploads\/2026\/04\/Verena-Weinbauer.jpg 1500w\" sizes=\"(max-width: 214px) 100vw, 214px\" \/>\t\t\t\t\t\t\t\t\t\t\t\t\t\t\t<\/div>\n\t\t\t\t<\/div>\n\t\t\t\t<div class=\"elementor-element elementor-element-4f9a77f elementor-widget elementor-widget-text-editor\" data-id=\"4f9a77f\" data-element_type=\"widget\" data-e-type=\"widget\" data-widget_type=\"text-editor.default\">\n\t\t\t\t<div class=\"elementor-widget-container\">\n\t\t\t\t\t\t\t\t\t<ol><li>\u00a0<\/li><li>Verena Weinbauer<\/li><\/ol><p>4. Klasse<\/p>\t\t\t\t\t\t\t\t<\/div>\n\t\t\t\t<\/div>\n\t\t\t\t\t<\/div>\n\t\t<\/div>\n\t\t\t\t<div class=\"elementor-column elementor-col-20 elementor-top-column elementor-element elementor-element-645be28\" data-id=\"645be28\" data-element_type=\"column\" data-e-type=\"column\">\n\t\t\t<div class=\"elementor-widget-wrap elementor-element-populated\">\n\t\t\t\t\t\t<div class=\"elementor-element elementor-element-b39a590 elementor-widget__width-initial elementor-widget elementor-widget-image\" data-id=\"b39a590\" data-element_type=\"widget\" data-e-type=\"widget\" data-widget_type=\"image.default\">\n\t\t\t\t<div class=\"elementor-widget-container\">\n\t\t\t\t\t\t\t\t\t\t\t\t\t\t\t<img decoding=\"async\" src=\"https:\/\/volksschule.st-aegidi.at\/wp-content\/uploads\/2026\/04\/Paulina-Moser-Hofer.jpg\" title=\"Paulina Moser-Hofer\" alt=\"Paulina Moser-Hofer\" loading=\"lazy\" \/>\t\t\t\t\t\t\t\t\t\t\t\t\t\t\t<\/div>\n\t\t\t\t<\/div>\n\t\t\t\t<div class=\"elementor-element elementor-element-e2c0dcc elementor-widget__width-initial elementor-widget elementor-widget-text-editor\" data-id=\"e2c0dcc\" data-element_type=\"widget\" data-e-type=\"widget\" data-widget_type=\"text-editor.default\">\n\t\t\t\t<div class=\"elementor-widget-container\">\n\t\t\t\t\t\t\t\t\t<p>\u00a0<\/p><ol><li>Paulina Moser-Hofer<\/li><li>3b Klasse\u00a0<\/li><\/ol>\t\t\t\t\t\t\t\t<\/div>\n\t\t\t\t<\/div>\n\t\t\t\t\t<\/div>\n\t\t<\/div>\n\t\t\t\t<div class=\"elementor-column elementor-col-20 elementor-top-column elementor-element elementor-element-868dbcb\" data-id=\"868dbcb\" data-element_type=\"column\" data-e-type=\"column\">\n\t\t\t<div class=\"elementor-widget-wrap elementor-element-populated\">\n\t\t\t\t\t\t<div class=\"elementor-element elementor-element-d3efb75 elementor-widget__width-initial elementor-widget elementor-widget-image\" data-id=\"d3efb75\" data-element_type=\"widget\" data-e-type=\"widget\" data-widget_type=\"image.default\">\n\t\t\t\t<div class=\"elementor-widget-container\">\n\t\t\t\t\t\t\t\t\t\t\t\t\t\t\t<img loading=\"lazy\" decoding=\"async\" width=\"780\" height=\"1020\" src=\"https:\/\/volksschule.st-aegidi.at\/wp-content\/uploads\/2025\/12\/Paula-Kirchberger-783x1024.jpg\" class=\"attachment-large size-large wp-image-548\" alt=\"\" srcset=\"https:\/\/volksschule.st-aegidi.at\/wp-content\/uploads\/2025\/12\/Paula-Kirchberger-783x1024.jpg 783w, https:\/\/volksschule.st-aegidi.at\/wp-content\/uploads\/2025\/12\/Paula-Kirchberger-230x300.jpg 230w, https:\/\/volksschule.st-aegidi.at\/wp-content\/uploads\/2025\/12\/Paula-Kirchberger-768x1004.jpg 768w, https:\/\/volksschule.st-aegidi.at\/wp-content\/uploads\/2025\/12\/Paula-Kirchberger-1175x1536.jpg 1175w, https:\/\/volksschule.st-aegidi.at\/wp-content\/uploads\/2025\/12\/Paula-Kirchberger.jpg 1224w\" sizes=\"(max-width: 780px) 100vw, 780px\" \/>\t\t\t\t\t\t\t\t\t\t\t\t\t\t\t<\/div>\n\t\t\t\t<\/div>\n\t\t\t\t<div class=\"elementor-element elementor-element-50bee88 elementor-widget elementor-widget-text-editor\" data-id=\"50bee88\" data-element_type=\"widget\" data-e-type=\"widget\" data-widget_type=\"text-editor.default\">\n\t\t\t\t<div class=\"elementor-widget-container\">\n\t\t\t\t\t\t\t\t\t<p>\u00a0<\/p><ol><li>Paula Kirchberger\u00a0<\/li><\/ol><div>\u00a0<\/div><div>\u00a0<\/div><div>\u00a0<\/div>\t\t\t\t\t\t\t\t<\/div>\n\t\t\t\t<\/div>\n\t\t\t\t\t<\/div>\n\t\t<\/div>\n\t\t\t\t<div class=\"elementor-column elementor-col-20 elementor-top-column elementor-element elementor-element-3875704\" data-id=\"3875704\" data-element_type=\"column\" data-e-type=\"column\">\n\t\t\t<div class=\"elementor-widget-wrap elementor-element-populated\">\n\t\t\t\t\t\t<div class=\"elementor-element elementor-element-78adf06 elementor-widget__width-initial elementor-widget elementor-widget-image\" data-id=\"78adf06\" data-element_type=\"widget\" data-e-type=\"widget\" data-widget_type=\"image.default\">\n\t\t\t\t<div class=\"elementor-widget-container\">\n\t\t\t\t\t\t\t\t\t\t\t\t\t\t\t<img decoding=\"async\" src=\"https:\/\/volksschule.st-aegidi.at\/wp-content\/uploads\/2026\/04\/Jakob-Scharinger.jpg\" title=\"Jakob Scharinger\" alt=\"Jakob Scharinger\" loading=\"lazy\" \/>\t\t\t\t\t\t\t\t\t\t\t\t\t\t\t<\/div>\n\t\t\t\t<\/div>\n\t\t\t\t<div class=\"elementor-element elementor-element-89f0981 elementor-widget elementor-widget-text-editor\" data-id=\"89f0981\" data-element_type=\"widget\" data-e-type=\"widget\" data-widget_type=\"text-editor.default\">\n\t\t\t\t<div class=\"elementor-widget-container\">\n\t\t\t\t\t\t\t\t\t<p>\u00a0<\/p><ol><li>Jakob Scharinger<\/li><\/ol>\t\t\t\t\t\t\t\t<\/div>\n\t\t\t\t<\/div>\n\t\t\t\t\t<\/div>\n\t\t<\/div>\n\t\t\t\t<div class=\"elementor-column elementor-col-20 elementor-top-column elementor-element elementor-element-792f259\" data-id=\"792f259\" data-element_type=\"column\" data-e-type=\"column\">\n\t\t\t<div class=\"elementor-widget-wrap elementor-element-populated\">\n\t\t\t\t\t\t<div class=\"elementor-element elementor-element-ab3e2d0 elementor-widget__width-initial elementor-widget elementor-widget-image\" data-id=\"ab3e2d0\" data-element_type=\"widget\" data-e-type=\"widget\" data-widget_type=\"image.default\">\n\t\t\t\t<div class=\"elementor-widget-container\">\n\t\t\t\t\t\t\t\t\t\t\t\t\t\t\t<img decoding=\"async\" src=\"https:\/\/volksschule.st-aegidi.at\/wp-content\/uploads\/2026\/04\/Gabriela-Wakolbinger.jpg\" title=\"Gabriela Wakolbinger\" alt=\"Gabriela Wakolbinger\" loading=\"lazy\" \/>\t\t\t\t\t\t\t\t\t\t\t\t\t\t\t<\/div>\n\t\t\t\t<\/div>\n\t\t\t\t<div class=\"elementor-element elementor-element-e540fe7 elementor-widget elementor-widget-text-editor\" data-id=\"e540fe7\" data-element_type=\"widget\" data-e-type=\"widget\" data-widget_type=\"text-editor.default\">\n\t\t\t\t<div class=\"elementor-widget-container\">\n\t\t\t\t\t\t\t\t\t<ol><li>\u00a0<\/li><li>\u00a0<\/li><li>Gabriela Wakolbinger<\/li><\/ol><p>Religion<\/p>\t\t\t\t\t\t\t\t<\/div>\n\t\t\t\t<\/div>\n\t\t\t\t\t<\/div>\n\t\t<\/div>\n\t\t\t\t\t<\/div>\n\t\t<\/section>\n\t\t\t\t<section class=\"elementor-section elementor-top-section elementor-element elementor-element-56ad1cc elementor-section-boxed elementor-section-height-default elementor-section-height-default\" data-id=\"56ad1cc\" data-element_type=\"section\" data-e-type=\"section\">\n\t\t\t\t\t\t<div class=\"elementor-container elementor-column-gap-default\">\n\t\t\t\t\t<div class=\"elementor-column elementor-col-100 elementor-top-column elementor-element elementor-element-62dc4fc\" data-id=\"62dc4fc\" data-element_type=\"column\" data-e-type=\"column\">\n\t\t\t<div class=\"elementor-widget-wrap elementor-element-populated\">\n\t\t\t\t\t\t<div class=\"elementor-element elementor-element-7ce254d elementor-widget elementor-widget-image\" data-id=\"7ce254d\" data-element_type=\"widget\" data-e-type=\"widget\" data-widget_type=\"image.default\">\n\t\t\t\t<div class=\"elementor-widget-container\">\n\t\t\t\t\t\t\t\t\t\t\t\t\t\t\t<img loading=\"lazy\" decoding=\"async\" width=\"780\" height=\"557\" src=\"https:\/\/volksschule.st-aegidi.at\/wp-content\/uploads\/2026\/04\/TEAM-VS-a-bisserl-bunt10x-1024x731.jpg\" class=\"attachment-large size-large wp-image-1143\" alt=\"\" srcset=\"https:\/\/volksschule.st-aegidi.at\/wp-content\/uploads\/2026\/04\/TEAM-VS-a-bisserl-bunt10x-1024x731.jpg 1024w, https:\/\/volksschule.st-aegidi.at\/wp-content\/uploads\/2026\/04\/TEAM-VS-a-bisserl-bunt10x-300x214.jpg 300w, https:\/\/volksschule.st-aegidi.at\/wp-content\/uploads\/2026\/04\/TEAM-VS-a-bisserl-bunt10x-768x548.jpg 768w, https:\/\/volksschule.st-aegidi.at\/wp-content\/uploads\/2026\/04\/TEAM-VS-a-bisserl-bunt10x-1536x1096.jpg 1536w, https:\/\/volksschule.st-aegidi.at\/wp-content\/uploads\/2026\/04\/TEAM-VS-a-bisserl-bunt10x-2048x1461.jpg 2048w\" sizes=\"(max-width: 780px) 100vw, 780px\" \/>\t\t\t\t\t\t\t\t\t\t\t\t\t\t\t<\/div>\n\t\t\t\t<\/div>\n\t\t\t\t\t<\/div>\n\t\t<\/div>\n\t\t\t\t\t<\/div>\n\t\t<\/section>\n\t\t\t\t<\/div>\n\t\t","protected":false},"excerpt":{"rendered":"<p>Das Team der VS St. Aegidi Als Team schaffen wir Lernr\u00e4ume, in denen sich Kinder <a class=\"more-link\" href=\"https:\/\/volksschule.st-aegidi.at\/index.php\/unser-team\/\">Weiterlesen&#8230;<\/a><\/p>\n","protected":false},"author":4,"featured_media":0,"parent":0,"menu_order":0,"comment_status":"closed","ping_status":"closed","template":"elementor_header_footer","meta":{"footnotes":""},"class_list":["post-12","page","type-page","status-publish","hentry"],"jetpack_sharing_enabled":true,"_links":{"self":[{"href":"https:\/\/volksschule.st-aegidi.at\/index.php\/wp-json\/wp\/v2\/pages\/12","targetHints":{"allow":["GET"]}}],"collection":[{"href":"https:\/\/volksschule.st-aegidi.at\/index.php\/wp-json\/wp\/v2\/pages"}],"about":[{"href":"https:\/\/volksschule.st-aegidi.at\/index.php\/wp-json\/wp\/v2\/types\/page"}],"author":[{"embeddable":true,"href":"https:\/\/volksschule.st-aegidi.at\/index.php\/wp-json\/wp\/v2\/users\/4"}],"replies":[{"embeddable":true,"href":"https:\/\/volksschule.st-aegidi.at\/index.php\/wp-json\/wp\/v2\/comments?post=12"}],"version-history":[{"count":32,"href":"https:\/\/volksschule.st-aegidi.at\/index.php\/wp-json\/wp\/v2\/pages\/12\/revisions"}],"predecessor-version":[{"id":1150,"href":"https:\/\/volksschule.st-aegidi.at\/index.php\/wp-json\/wp\/v2\/pages\/12\/revisions\/1150"}],"wp:attachment":[{"href":"https:\/\/volksschule.st-aegidi.at\/index.php\/wp-json\/wp\/v2\/media?parent=12"}],"curies":[{"name":"wp","href":"https:\/\/api.w.org\/{rel}","templated":true}]}}