{"id":71,"date":"2020-07-08T06:53:07","date_gmt":"2020-07-08T06:53:07","guid":{"rendered":"https:\/\/volksschule.st-aegidi.at\/?page_id=71"},"modified":"2020-07-08T06:53:33","modified_gmt":"2020-07-08T06:53:33","slug":"elementor-71","status":"publish","type":"page","link":"https:\/\/volksschule.st-aegidi.at\/index.php\/chronik\/elementor-71\/","title":{"rendered":"Schuljahr 2018\/19"},"content":{"rendered":"\t\t<div data-elementor-type=\"wp-page\" data-elementor-id=\"71\" class=\"elementor elementor-71\">\n\t\t\t\t\t\t<section class=\"elementor-section elementor-top-section elementor-element elementor-element-ef00664 elementor-section-boxed elementor-section-height-default elementor-section-height-default\" data-id=\"ef00664\" data-element_type=\"section\" data-e-type=\"section\">\n\t\t\t\t\t\t<div class=\"elementor-container elementor-column-gap-default\">\n\t\t\t\t\t<div class=\"elementor-column elementor-col-100 elementor-top-column elementor-element elementor-element-c96c73c\" data-id=\"c96c73c\" data-element_type=\"column\" data-e-type=\"column\">\n\t\t\t<div class=\"elementor-widget-wrap elementor-element-populated\">\n\t\t\t\t\t\t<div class=\"elementor-element elementor-element-b39a49e elementor-widget elementor-widget-text-editor\" data-id=\"b39a49e\" data-element_type=\"widget\" data-e-type=\"widget\" data-widget_type=\"text-editor.default\">\n\t\t\t\t<div class=\"elementor-widget-container\">\n\t\t\t\t\t\t\t\t\t<div align=\"center\"><span class=\"Stil5\">Schuljahr 2018\/19<\/span><\/div><p>\u00a0<\/p><h1 align=\"center\">\u00a0<\/h1><blockquote><p>Im Schuljahr 2018\/19 besuchen 56 Sch\u00fcler und Sch\u00fclerinnen in 3 Klassen unsere Volksschule.<\/p><p>1.und 2. Schulstufe: 22 Kinder<\/p><p>3. Schulstufe: 16 Kinder<\/p><p>4. Schulstufe: 18 Kinder<\/p><p>\u00a0<\/p><p>12 Sch\u00fcler\/innen besuchen heuer zum 1. Mal unsere Schule. Wir begr\u00fc\u00dfen alle recht herzlich.<\/p><p>\u00a0<\/p><p align=\"center\"><img fetchpriority=\"high\" decoding=\"async\" src=\"http:\/\/schulen.eduhi.at\/vs.st.aegidi\/bilder\/Chronik-bilder\/ChroB1819\/1.Klasse\/1-IMG-20181020-WA0002.jpg\" alt=\"1.Kl\" width=\"480\" height=\"480\" \/><\/p><p class=\"Stil5\" align=\"center\">\u00a0<\/p><p class=\"Stil5\" align=\"center\">Erd\u00e4pfelprojekt<\/p><div align=\"center\"><img decoding=\"async\" src=\"http:\/\/schulen.eduhi.at\/vs.st.aegidi\/bilder\/Chronik-bilder\/ChroB1819\/Erdaepfel2\/1-Bild1.jpg\" width=\"480\" height=\"360\" \/><\/div><p class=\"Stil5\" align=\"center\"><img decoding=\"async\" src=\"http:\/\/schulen.eduhi.at\/vs.st.aegidi\/bilder\/Chronik-bilder\/ChroB1819\/Erdaepfel1\/1-Bild4.jpg\" alt=\"erd\" width=\"480\" height=\"360\" \/><\/p><p class=\"Stil5\" align=\"center\"><img loading=\"lazy\" decoding=\"async\" src=\"http:\/\/schulen.eduhi.at\/vs.st.aegidi\/bilder\/Chronik-bilder\/ChroB1819\/Raeumungsuebung2\/Bild5.jpg\" width=\"480\" height=\"361\" \/><\/p><p class=\"Stil5\" align=\"center\">\u00a0<\/p><p class=\"Stil5\" align=\"center\">Wir proben den Ernstfall &#8211; Feuerwehr\u00fcbung<\/p><p class=\"Stil5\" align=\"center\"><img loading=\"lazy\" decoding=\"async\" src=\"http:\/\/schulen.eduhi.at\/vs.st.aegidi\/bilder\/Chronik-bilder\/ChroB1819\/Raeumungsuebung\/1-DSC_0036.JPG\" width=\"480\" height=\"320\" \/><\/p><p class=\"Stil5\" align=\"center\"><img loading=\"lazy\" decoding=\"async\" src=\"http:\/\/schulen.eduhi.at\/vs.st.aegidi\/bilder\/Chronik-bilder\/ChroB1819\/Raeumungsuebung1\/1-DSC_0015.JPG\" width=\"480\" height=\"320\" \/><\/p><p class=\"Stil5\" align=\"center\"><img loading=\"lazy\" decoding=\"async\" src=\"http:\/\/schulen.eduhi.at\/vs.st.aegidi\/bilder\/Chronik-bilder\/ChroB1819\/Raeumungsuebung4\/1-DSC_0026.JPG\" width=\"480\" height=\"320\" \/><\/p><p class=\"Stil5\" align=\"center\">\u00a0<\/p><p class=\"Stil5\" align=\"center\">Radfahrpr\u00fcfung &#8211; November 2018<\/p><p class=\"Stil5\" align=\"center\"><img loading=\"lazy\" decoding=\"async\" src=\"http:\/\/schulen.eduhi.at\/vs.st.aegidi\/bilder\/Chronik-bilder\/ChroB1819\/Radfahrpt\u00fcfung\/1-IMG_20181116_095420.jpg\" width=\"480\" height=\"360\" \/><\/p><p class=\"Stil5\" align=\"center\"><img loading=\"lazy\" decoding=\"async\" src=\"http:\/\/schulen.eduhi.at\/vs.st.aegidi\/bilder\/Chronik-bilder\/ChroB1819\/Radfahrpruefung\/1-IMG_20181114_102235.jpg\" width=\"480\" height=\"360\" \/><\/p><p class=\"Stil5\" align=\"center\"><img loading=\"lazy\" decoding=\"async\" src=\"http:\/\/schulen.eduhi.at\/vs.st.aegidi\/bilder\/Chronik-bilder\/ChroB1819\/Radfahrpt\u00fcfung\/2-IMG_20181116_111613.jpg\" width=\"360\" height=\"480\" \/><\/p><p class=\"Stil5\" align=\"center\">\u00a0<\/p><p class=\"Stil5\" align=\"center\">Besuch vom Nikolaus<\/p><p class=\"Stil5\" align=\"center\"><img loading=\"lazy\" decoding=\"async\" src=\"http:\/\/schulen.eduhi.at\/vs.st.aegidi\/bilder\/Chronik-bilder\/ChroB1819\/Advent \u00b418\/1-IMG_20181206_093928560.jpg\" width=\"360\" height=\"480\" \/><\/p><p class=\"Stil5\" align=\"center\">\u00a0<\/p><p class=\"Stil5\" align=\"center\">Adventfeier<\/p><p class=\"Stil5\" align=\"center\"><img loading=\"lazy\" decoding=\"async\" src=\"http:\/\/schulen.eduhi.at\/vs.st.aegidi\/bilder\/Chronik-bilder\/ChroB1819\/Advent \u00b418\/5-IMG_20181220_103313620.jpg\" width=\"480\" height=\"360\" \/><\/p><p class=\"Stil5\" align=\"center\"><img loading=\"lazy\" decoding=\"async\" src=\"http:\/\/schulen.eduhi.at\/vs.st.aegidi\/bilder\/Chronik-bilder\/ChroB1819\/Advent \u00b418\/4-IMG_20181220_103233221.jpg\" width=\"360\" height=\"480\" \/><\/p><p class=\"Stil5\" align=\"center\"><img loading=\"lazy\" decoding=\"async\" src=\"http:\/\/schulen.eduhi.at\/vs.st.aegidi\/bilder\/Chronik-bilder\/ChroB1819\/Advent \u00b418\/3-IMG_20181220_102952531.jpg\" width=\"480\" height=\"360\" \/><\/p><p class=\"Stil5\" align=\"center\"><img loading=\"lazy\" decoding=\"async\" src=\"http:\/\/schulen.eduhi.at\/vs.st.aegidi\/bilder\/Chronik-bilder\/ChroB1819\/Advent \u00b418\/2-IMG_20181220_075853872.jpg\" width=\"480\" height=\"360\" \/><\/p><p class=\"Stil5\" align=\"center\">\u00a0<\/p><p class=\"Stil5\" align=\"center\">Soziale Aktion im Advent<\/p><p class=\"Stil5\" align=\"center\"><img loading=\"lazy\" decoding=\"async\" src=\"http:\/\/schulen.eduhi.at\/vs.st.aegidi\/bilder\/Chronik-bilder\/ChroB1819\/Advent \u00b418\/6-IMG_20181221_091049852.jpg\" width=\"480\" height=\"360\" \/><\/p><p class=\"Stil5\" align=\"center\">\u00a0<\/p><p class=\"Stil5\" align=\"center\">Kinderparlament<\/p><p class=\"Stil5\" align=\"center\"><img loading=\"lazy\" decoding=\"async\" src=\"http:\/\/schulen.eduhi.at\/vs.st.aegidi\/bilder\/Chronik-bilder\/ChroB1819\/Kinderparlament1\/2-IMG_20190121_102018.jpg\" width=\"480\" height=\"360\" \/><\/p><p class=\"Stil5\" align=\"center\"><img loading=\"lazy\" decoding=\"async\" src=\"http:\/\/schulen.eduhi.at\/vs.st.aegidi\/bilder\/Chronik-bilder\/ChroB1819\/Kinderparlament1\/1-IMG_20190121_101611.jpg\" width=\"480\" height=\"360\" \/><\/p><p class=\"Stil5\" align=\"center\">\u00a0<\/p><p class=\"Stil5\" align=\"center\">Leseolympiade<\/p><p class=\"Stil5\" align=\"center\"><img loading=\"lazy\" decoding=\"async\" src=\"http:\/\/schulen.eduhi.at\/vs.st.aegidi\/bilder\/Chronik-bilder\/ChroB1819\/Leseolympiade1\/1-IMG_20181112_100739.jpg\" width=\"360\" height=\"480\" \/><\/p><p class=\"Stil5\" align=\"center\">\u00a0<\/p><p class=\"Stil5\" align=\"center\">Fasching in der Schule<\/p><p class=\"Stil5\">\u00a0<\/p><p class=\"Stil5\">\u00a0<\/p><p class=\"Stil5\">\u00a0<\/p><p class=\"Stil5\" align=\"center\">Linztage<\/p><p class=\"Stil5\" align=\"center\">f\u00fcr die Sch\u00fcler und Sch\u00fclerinnen der 4.Klasse<\/p><p class=\"Stil5\" align=\"center\">\u00a0<\/p><p class=\"Stil5\" align=\"center\">EXE in Andorf<\/p><p class=\"Stil5\" align=\"center\"><img loading=\"lazy\" decoding=\"async\" src=\"http:\/\/schulen.eduhi.at\/vs.st.aegidi\/bilder\/Chronik-bilder\/ChroB1819\/EXEMaerz2019\/1-IMG_20190319_091046.jpg\" width=\"480\" height=\"360\" \/><\/p><p class=\"Stil5\" align=\"center\"><img loading=\"lazy\" decoding=\"async\" src=\"http:\/\/schulen.eduhi.at\/vs.st.aegidi\/bilder\/Chronik-bilder\/ChroB1819\/EXEMaerz2019\/2-IMG_20190319_092944.jpg\" width=\"360\" height=\"480\" \/><\/p><p class=\"Stil5\" align=\"center\"><img loading=\"lazy\" decoding=\"async\" src=\"http:\/\/schulen.eduhi.at\/vs.st.aegidi\/bilder\/Chronik-bilder\/ChroB1819\/EXEMaerz2019\/3-IMG_20190319_094148.jpg\" width=\"480\" height=\"360\" \/><\/p><p class=\"Stil5\" align=\"center\">\u00a0<\/p><p class=\"Stil5\" align=\"center\">Besuch der Musikkapelle St. Aegidi<\/p><p class=\"Stil5\" align=\"center\"><img loading=\"lazy\" decoding=\"async\" src=\"http:\/\/schulen.eduhi.at\/vs.st.aegidi\/bilder\/Chronik-bilder\/ChroB1819\/MusikkapellezuBesuch2019Maerz2019\/5-IMG_20190328_091139750.jpg\" width=\"480\" height=\"360\" \/><\/p><p class=\"Stil5\" align=\"center\"><img loading=\"lazy\" decoding=\"async\" src=\"http:\/\/schulen.eduhi.at\/vs.st.aegidi\/bilder\/Chronik-bilder\/ChroB1819\/MusikkapellezuBesuch2019Maerz2019\/4-IMG_20190328_090952295.jpg\" width=\"360\" height=\"480\" \/><\/p><p class=\"Stil5\" align=\"center\"><img loading=\"lazy\" decoding=\"async\" src=\"http:\/\/schulen.eduhi.at\/vs.st.aegidi\/bilder\/Chronik-bilder\/ChroB1819\/MusikkapellezuBesuch2019Maerz2019\/3-IMG_20190328_090823290.jpg\" width=\"360\" height=\"480\" \/><\/p><p class=\"Stil5\" align=\"center\"><img loading=\"lazy\" decoding=\"async\" src=\"http:\/\/schulen.eduhi.at\/vs.st.aegidi\/bilder\/Chronik-bilder\/ChroB1819\/MusikkapellezuBesuch2019Maerz2019\/2-IMG_20190328_090816724.jpg\" width=\"360\" height=\"480\" \/><\/p><p class=\"Stil5\" align=\"center\"><img loading=\"lazy\" decoding=\"async\" src=\"http:\/\/schulen.eduhi.at\/vs.st.aegidi\/bilder\/Chronik-bilder\/ChroB1819\/MusikkapellezuBesuch2019Maerz2019\/1-IMG_20190328_090719189.jpg\" width=\"360\" height=\"480\" \/><\/p><p>\u00a0<\/p><p>\u00a0<\/p><p class=\"Stil5\" align=\"center\"><strong>GEMEINSAM SICHER <\/strong><\/p><p class=\"Stil5\" align=\"center\"><strong>mit deiner Schule!<\/strong><\/p><p align=\"center\"><img loading=\"lazy\" decoding=\"async\" src=\"http:\/\/schulen.eduhi.at\/vs.st.aegidi\/bilder\/Chronik-bilder\/ChroB1819\/Polizei \u00dcberreichung Urkunde\/2019-05-21 VS St. Aegidi-010.jpg\" width=\"600\" height=\"400\" \/><\/p><p>Die Musikvolksschule St. Aegidi erreichte beim Ideenwettbewerb <br \/>\u201eGEMEINSAM SICHER mit deiner Schule\u201c mit dem <br \/>Themenschwerpunkt \u201eGewalt in der Schule\u201c in Ober\u00f6sterreich \u00a0den 2. Platz.<\/p><p>Zur Preisverleihung am 21. Mai 2019<br \/>besuchte der O\u00d6 Landespolizeidirektor-Stv. Mag. \u00a0Dr. Alois Li\u00dfl die Sch\u00fcler und Sch\u00fclerinnen \u00a0der Musikvolksschule St. Aegidi.<br \/>Nach dem Motto<strong>\u00a0 \u201eICH KANN AUCH SICHERHEIT GESTALTEN\u201c <\/strong>wird an der Musikvolksschule St. Aegidi im Schulkonzept gro\u00dfer Wert auf GEWALTFREIE KOMMUNIKATION nach Marshall Rosenberg gelegt.<br \/>Umgesetzt wird dies mit Hilfe der Friedenstreppe, einem Wertekatalog mit verbindlichen Regeln und Konsequenzen und mit Verhaltensvereinbarungen.<\/p><p>Ziel ist es, dass<br \/>Sch\u00fcler und Sch\u00fclerinnen Hilfe holen oder ihre Hilfe anbieten, wenn es notwendig ist.<br \/>Verantwortung zeigen und sich auch um Schw\u00e4chere oder Kleinere k\u00fcmmern, erkennen, ob es\u00a0 jemandem nicht gut geht, Mobbing keine Chance geben und hinsehen und nicht weitergehen, wenn Unrecht passiert.<\/p><p>\u00a0<\/p><p align=\"center\"><img loading=\"lazy\" decoding=\"async\" src=\"http:\/\/schulen.eduhi.at\/vs.st.aegidi\/bilder\/Chronik-bilder\/ChroB1819\/Tierschutz\/1561532405.4944-aegidinger-schuelern-ist-der-tierschutz-wichtig.jpg\" alt=\"Tierschutz\" width=\"500\" height=\"334\" \/><\/p><p class=\"style1\">\u00a0<\/p><p class=\"style1\">Die 4. Klasse der Volksschule St. Aegidi erreichte beim Schulwettbewerb &#8222;Tierschutz macht Schule&#8220;, der gemeinsam vom Verein Tierschutz macht Schule und dem Amt der O\u00d6 Landesregierung durchgef\u00fchrt wurde, den 1. Preis.<\/p><p class=\"style1\">Die Sch\u00fcler und Sch\u00fclerinnen freuten sich \u00fcber eine Klassenfahrt in den Tiergarten Sch\u00f6nbrunn.<\/p><p class=\"style1\">\u00a0<\/p><p>\u00a0<\/p><p align=\"center\">\u00a0<\/p><\/blockquote>\t\t\t\t\t\t\t\t<\/div>\n\t\t\t\t<\/div>\n\t\t\t\t\t<\/div>\n\t\t<\/div>\n\t\t\t\t\t<\/div>\n\t\t<\/section>\n\t\t\t\t<\/div>\n\t\t","protected":false},"excerpt":{"rendered":"<p>Schuljahr 2018\/19 Im Schuljahr 2018\/19 besuchen 56 Sch\u00fcler und Sch\u00fclerinnen in 3 Klassen unsere Volksschule. <a class=\"more-link\" href=\"https:\/\/volksschule.st-aegidi.at\/index.php\/chronik\/elementor-71\/\">Weiterlesen&#8230;<\/a><\/p>\n","protected":false},"author":4,"featured_media":0,"parent":18,"menu_order":0,"comment_status":"closed","ping_status":"closed","template":"","meta":{"footnotes":""},"class_list":["post-71","page","type-page","status-publish","hentry"],"jetpack_sharing_enabled":true,"_links":{"self":[{"href":"https:\/\/volksschule.st-aegidi.at\/index.php\/wp-json\/wp\/v2\/pages\/71","targetHints":{"allow":["GET"]}}],"collection":[{"href":"https:\/\/volksschule.st-aegidi.at\/index.php\/wp-json\/wp\/v2\/pages"}],"about":[{"href":"https:\/\/volksschule.st-aegidi.at\/index.php\/wp-json\/wp\/v2\/types\/page"}],"author":[{"embeddable":true,"href":"https:\/\/volksschule.st-aegidi.at\/index.php\/wp-json\/wp\/v2\/users\/4"}],"replies":[{"embeddable":true,"href":"https:\/\/volksschule.st-aegidi.at\/index.php\/wp-json\/wp\/v2\/comments?post=71"}],"version-history":[{"count":3,"href":"https:\/\/volksschule.st-aegidi.at\/index.php\/wp-json\/wp\/v2\/pages\/71\/revisions"}],"predecessor-version":[{"id":74,"href":"https:\/\/volksschule.st-aegidi.at\/index.php\/wp-json\/wp\/v2\/pages\/71\/revisions\/74"}],"up":[{"embeddable":true,"href":"https:\/\/volksschule.st-aegidi.at\/index.php\/wp-json\/wp\/v2\/pages\/18"}],"wp:attachment":[{"href":"https:\/\/volksschule.st-aegidi.at\/index.php\/wp-json\/wp\/v2\/media?parent=71"}],"curies":[{"name":"wp","href":"https:\/\/api.w.org\/{rel}","templated":true}]}}