{"id":76,"date":"2020-07-08T06:53:58","date_gmt":"2020-07-08T06:53:58","guid":{"rendered":"https:\/\/volksschule.st-aegidi.at\/?page_id=76"},"modified":"2020-07-08T06:54:56","modified_gmt":"2020-07-08T06:54:56","slug":"elementor-76","status":"publish","type":"page","link":"https:\/\/volksschule.st-aegidi.at\/index.php\/chronik\/elementor-76\/","title":{"rendered":"Schuljahr 2017\/18"},"content":{"rendered":"\t\t<div data-elementor-type=\"wp-page\" data-elementor-id=\"76\" class=\"elementor elementor-76\">\n\t\t\t\t\t\t<section class=\"elementor-section elementor-top-section elementor-element elementor-element-ff7faaa elementor-section-boxed elementor-section-height-default elementor-section-height-default\" data-id=\"ff7faaa\" data-element_type=\"section\" data-e-type=\"section\">\n\t\t\t\t\t\t<div class=\"elementor-container elementor-column-gap-default\">\n\t\t\t\t\t<div class=\"elementor-column elementor-col-100 elementor-top-column elementor-element elementor-element-e36ed1e\" data-id=\"e36ed1e\" data-element_type=\"column\" data-e-type=\"column\">\n\t\t\t<div class=\"elementor-widget-wrap elementor-element-populated\">\n\t\t\t\t\t\t<div class=\"elementor-element elementor-element-469d59c elementor-widget elementor-widget-text-editor\" data-id=\"469d59c\" data-element_type=\"widget\" data-e-type=\"widget\" data-widget_type=\"text-editor.default\">\n\t\t\t\t<div class=\"elementor-widget-container\">\n\t\t\t\t\t\t\t\t\t<blockquote><span class=\"Stil5\">Schuljahr 2017\/18<\/span><\/blockquote><h1 align=\"center\">9 Kinder besuchen heuer die 1. Klasse. Wir begr\u00fc\u00dfen alle recht herzlich.<\/h1><h1 align=\"center\">Unsere Schulanf\u00e4ngerinnen und Schulanf\u00e4nger mit ihren selbstgebastelten Schult\u00fcten.<\/h1><p align=\"center\">\u00a0<\/p><h1 align=\"center\"><img fetchpriority=\"high\" decoding=\"async\" src=\"http:\/\/schulen.eduhi.at\/vs.st.aegidi\/bilder\/Chronik-bilder\/ChroB1718\/1. Klasse\/Exportieren\/IMG-20171107-WA0000.jpg\" width=\"480\" height=\"322\" \/><\/h1><p>\u00a0<\/p><blockquote><blockquote><blockquote><p><span class=\"Stil5\">Bezirksrundfahrt der 4. Klasse <\/span><\/p><blockquote><blockquote><p><span class=\"Stil5\"> am 27. Oktober 2017<\/span><\/p><\/blockquote><\/blockquote><p><img decoding=\"async\" src=\"http:\/\/schulen.eduhi.at\/vs.st.aegidi\/bilder\/Chronik-bilder\/ChroB1718\/1. Klasse\/2017-11-07\/IMG_2805.JPG\" width=\"240\" height=\"345\" \/><img decoding=\"async\" src=\"http:\/\/schulen.eduhi.at\/vs.st.aegidi\/bilder\/Chronik-bilder\/ChroB1718\/1. Klasse\/2017-11-07\/IMG_2810.JPG\" width=\"227\" height=\"345\" \/><\/p><p><img loading=\"lazy\" decoding=\"async\" src=\"http:\/\/schulen.eduhi.at\/vs.st.aegidi\/bilder\/Chronik-bilder\/ChroB1718\/1. Klasse\/2017-11-07\/IMG_2824.JPG\" width=\"480\" height=\"359\" \/><img loading=\"lazy\" decoding=\"async\" src=\"http:\/\/schulen.eduhi.at\/vs.st.aegidi\/bilder\/Chronik-bilder\/ChroB1718\/1. Klasse\/2017-11-07\/IMG_2823.JPG\" width=\"480\" height=\"359\" \/><img loading=\"lazy\" decoding=\"async\" src=\"http:\/\/schulen.eduhi.at\/vs.st.aegidi\/bilder\/Chronik-bilder\/ChroB1718\/1. Klasse\/2017-11-07\/IMG_2832.JPG\" width=\"480\" height=\"359\" \/><img loading=\"lazy\" decoding=\"async\" src=\"http:\/\/schulen.eduhi.at\/vs.st.aegidi\/bilder\/Chronik-bilder\/ChroB1718\/1. Klasse\/2017-11-07\/IMG_2831.JPG\" width=\"480\" height=\"359\" \/><img loading=\"lazy\" decoding=\"async\" src=\"http:\/\/schulen.eduhi.at\/vs.st.aegidi\/bilder\/Chronik-bilder\/ChroB1718\/1. Klasse\/2017-11-07\/IMG_2821.JPG\" width=\"480\" height=\"359\" \/><img loading=\"lazy\" decoding=\"async\" src=\"http:\/\/schulen.eduhi.at\/vs.st.aegidi\/bilder\/Chronik-bilder\/ChroB1718\/1. Klasse\/2017-11-07\/IMG_2817.JPG\" width=\"480\" height=\"359\" \/><\/p><p>\u00a0<\/p><\/blockquote><p class=\"Stil5\">&#8222;Hallo Auto&#8220; 31. Oktober<\/p><h1>Eine Verkehrssicherheitsaktion des \u00d6AMTC. Die Kinder der 3. Klasse nahmen im Rahmen der Verkehrserziehung an diesem Projekt teil.<\/h1><blockquote><p class=\"Stil5\"><img loading=\"lazy\" decoding=\"async\" src=\"http:\/\/schulen.eduhi.at\/vs.st.aegidi\/bilder\/Chronik-bilder\/ChroB1718\/Klassenfotos\/2018-07-03\/IMG_20171031_105512.jpg\" width=\"480\" height=\"360\" \/><\/p><\/blockquote><p class=\"Stil5\">\u00a0<\/p><p class=\"Stil5\">Schulfilm<br \/>&#8222;Hilfe unser Lehrer ist ein Frosch&#8220;<\/p><h1>Sitas Lehrer hat ein au\u00dfergew\u00f6hnliches Geheimnis! Denn er ist nicht nur Mensch, sondern auch Frosch. Deshalb muss Sita ihn vor Direktor Storch besch\u00fctzen. <br \/>Ein humorvoller Film, der alle Sch\u00fclerinnen und Sch\u00fcler, am 27.11.2017, zum Lachen brachte.<\/h1><p>\u00a0<\/p><p class=\"Stil5\">Nikolausfeier am 5.12.2017<\/p><h1>Fast zur Tradition geh\u00f6rt es schon, dass Herr Dir. Franz Reisenberger in Gestalt des Hl. Nikolus unsere Schule besuchat. <br \/>Im Rahmen einer kleinen Feier in der Aula trugen die Sch\u00fcler aller 4 Klassen ihre Gedichte und Spiele vor, anschlie\u00dfend richtete der Nikolaus noch einige Worte an sie. Nat\u00fcrlich gab es zum Schluss f\u00fcr jedes Kind noch ein kleines Nikolausgeschenk.<\/h1><p><img loading=\"lazy\" decoding=\"async\" src=\"http:\/\/schulen.eduhi.at\/vs.st.aegidi\/bilder\/Chronik-bilder\/ChroB1718\/1. Klasse\/2017-12-20\/IMG_20171205_111446.jpg\" width=\"480\" height=\"360\" \/><\/p><p>\u00a0<\/p><p class=\"Stil5\">KIJA &#8211; Musical<br \/>&#8222;Anna und der Wolf&#8220;<\/p><h1>Gemeinsam mit der Volksschule Engelhartszell besuchten wir am 7.12. das Kindermusical in Eggerding. <br \/>Das Musical &#8222;Anna und der Wolf&#8220; versuchte unseren Sch\u00fclerinnen und Sch\u00fclern das Thema Mobbing auf eine etwas ander Weise n\u00e4her zu bringen.<\/h1><h1>\u00a0<\/h1><h1 class=\"Stil5\">Unser Weihnachtsmusical <br \/>&#8220; Wenn Engel singen&#8220;<\/h1><h1>Alle vier Klassen f\u00fchrten am 15. Dezember 2017 das Musical <br \/>&#8222;Wenn Engel singen&#8220; im Turnsaal auf. <br \/>Viele Besucher stimmten sich gemeinsam mit uns und unserer Auff\u00fchrung auf die Weihnachtszeit ein. <br \/>Anschlie\u00dfend wurden wir vom Elternverein mit Punsch, Krapfen und belegten Broten verw\u00f6hnt.<\/h1><h1><img loading=\"lazy\" decoding=\"async\" src=\"http:\/\/schulen.eduhi.at\/vs.st.aegidi\/bilder\/Chronik-bilder\/ChroB1718\/1. Klasse\/2017-12-20\/IMG_9486-001.JPG\" width=\"480\" height=\"320\" \/><img loading=\"lazy\" decoding=\"async\" src=\"http:\/\/schulen.eduhi.at\/vs.st.aegidi\/bilder\/Chronik-bilder\/ChroB1718\/1. Klasse\/2017-12-20\/IMG_9472.JPG\" width=\"480\" height=\"320\" \/><img loading=\"lazy\" decoding=\"async\" src=\"http:\/\/schulen.eduhi.at\/vs.st.aegidi\/bilder\/Chronik-bilder\/ChroB1718\/1. Klasse\/2017-12-20\/IMG_9438.JPG\" width=\"480\" height=\"320\" \/><\/h1><h1>\u00a0<\/h1><h1>\u00a0<\/h1><h1 class=\"Stil5\">Spendenaktion im Advent<\/h1><h1>Im Rahmen unserer allj\u00e4hrlichen Spendenaktion spendeten die Sch\u00fclerinnen und Sch\u00fcler wieder flei\u00dfig. <br \/>Gemeinsam schafften wir es, 10 Ziegen zu spenden.<\/h1><blockquote><blockquote><h1><img loading=\"lazy\" decoding=\"async\" src=\"http:\/\/schulen.eduhi.at\/vs.st.aegidi\/bilder\/Chronik-bilder\/ChroB1718\/1. Klasse\/2017-12-28\/IMG_20171222_090849.jpg\" width=\"432\" height=\"318\" \/><\/h1><h1>\u00a0<\/h1><p>\u00a0<\/p><\/blockquote><\/blockquote><h1 class=\"Stil5\">Leseolympiade<\/h1><h1 class=\"Stil5\"><img loading=\"lazy\" decoding=\"async\" src=\"http:\/\/schulen.eduhi.at\/vs.st.aegidi\/bilder\/Chronik-bilder\/ChroB1718\/2017-11-06\/2018-01-12\/DSC04216.JPG\" width=\"480\" height=\"319\" \/><\/h1><h1>Unter dem Motto &#8222;X,Y,Z &#8211; wir lesen um die Wett!&#8220; startete die diesj\u00e4hrige Sch\u00fclerolympiade der Raiffeisenbanken. <br \/>Leni, Hannah und Johanna (4.Klasse) nahmen dabei erfolgreich teil.<\/h1><h1>Beim anschlie\u00dfenden Bezirksfinale im Schulzentrum Taufkirchen an der Pram holten sich Leni, Hanna und Johanna nach einer spannenden Entscheidungsrunde den Sieg.<\/h1><blockquote><blockquote><p><img loading=\"lazy\" decoding=\"async\" src=\"http:\/\/schulen.eduhi.at\/vs.st.aegidi\/bilder\/Chronik-bilder\/ChroB1718\/Exportieren\/IMG_20180131_105955.jpg\" width=\"449\" height=\"316\" \/><\/p><\/blockquote><\/blockquote><p>\u00a0<\/p><h1 class=\"Stil5\">Verabschiedung von <br \/>Konrad Sageder<\/h1><h1>Nach 47 Jahren treuen Bustransportdienst verabschiedet sich Herr Konrad Sageder in seinen wohlverdienten Ruhestand. <br \/>Die Sch\u00fclerinnen und Sch\u00fcler gestalteten f\u00fcr ihn eine kleine Abschiedsfeier mit Gesang und einer Wunschkette.<\/h1><\/blockquote><p><img loading=\"lazy\" decoding=\"async\" src=\"http:\/\/schulen.eduhi.at\/vs.st.aegidi\/bilder\/Chronik-bilder\/ChroB1718\/Exportieren\/IMG-20180202-WA0017 (1).jpg\" width=\"343\" height=\"251\" \/><img loading=\"lazy\" decoding=\"async\" src=\"http:\/\/schulen.eduhi.at\/vs.st.aegidi\/bilder\/Chronik-bilder\/ChroB1718\/Exportieren\/IMG-20180202-WA0004.jpg\" width=\"340\" height=\"226\" \/><\/p><blockquote><p>\u00a0<\/p><p class=\"Stil5\">Besuch beim B\u00fcrgermeister<\/p><h1>Die Sch\u00fclerinnen und Sch\u00fcler der 3. Klasse besuchten unseren B\u00fcrgermeister Eduard Paminger im Gemeindeamt. <br \/>Die Kinder stellten Ihm viele spannende Fragen und erfuhren viel \u00fcber die Aufgaben des B\u00fcrgermeisters.<\/h1><blockquote><h1><img loading=\"lazy\" decoding=\"async\" src=\"http:\/\/schulen.eduhi.at\/vs.st.aegidi\/bilder\/Chronik-bilder\/ChroB1718\/Exportieren\/IMG_20180202_120626-001.jpg\" width=\"471\" height=\"321\" \/><\/h1><p>\u00a0<\/p><h1>\u00a0<\/h1><\/blockquote><h1 class=\"Stil5\">Schulschibezirksmeisterschaft<\/h1><h1>Einen sportlichen und erfolgreichen Tag verbrachten 6 Kinder der Volksschule bei der Schulschibezirksmeisterschaft in Eberschwang am 7. Februar. Andreas, Alexander, Jonas, Michael und Theresa aus der 4. Klasse und Fabian aus der 3. Klasse nahmen an der Meisterschaft teil.<\/h1><h1>Wir freuen uns mit Theresa und Michael, die jeweils den 1. Platz erreichten.<br \/>Und auch Alexander erreichte einen Stockerlplatz, Rang 3.<\/h1><blockquote><h1><img loading=\"lazy\" decoding=\"async\" src=\"http:\/\/schulen.eduhi.at\/vs.st.aegidi\/bilder\/Chronik-bilder\/ChroB1718\/Schulskimeisterschaft\/Schulskischmeisterschaft.jpg\" width=\"489\" height=\"286\" \/><\/h1><h1>\u00a0<\/h1><\/blockquote><h1 class=\"Stil5\">Autorenlesung<\/h1><h1>Am 6. M\u00e4rz besuchte uns die bekannte Autorin und Mundartdichterin Monika Krautgartner. Mit ihren spannenden Geschichten fesselte sie unsere Sch\u00fclerinnen und Sch\u00fcler.<\/h1><h1><img loading=\"lazy\" decoding=\"async\" src=\"http:\/\/schulen.eduhi.at\/vs.st.aegidi\/bilder\/Chronik-bilder\/ChroB1718\/Musik\/2018-03-12\/IMG-20180308-WA0006 (1).jpg\" width=\"296\" height=\"221\" \/><img loading=\"lazy\" decoding=\"async\" src=\"http:\/\/schulen.eduhi.at\/vs.st.aegidi\/bilder\/Chronik-bilder\/ChroB1718\/Musik\/2018-03-12\/IMG-20180308-WA0009 (2).jpg\" width=\"291\" height=\"228\" \/><\/h1><h1>\u00a0<\/h1><h1 class=\"Stil5\">Zahngesundheit<\/h1><h1 class=\"Stil5\"><img loading=\"lazy\" decoding=\"async\" src=\"http:\/\/schulen.eduhi.at\/vs.st.aegidi\/bilder\/Chronik-bilder\/ChroB1718\/Klassenfotos\/2018-07-03\/IMG_20180319_114001.jpg\" width=\"480\" height=\"360\" \/><\/h1><h1 class=\"Stil5\">\u00a0<\/h1><h1 class=\"Stil5\">Instrumentenvorstellung der Musikkapelle, 20. M\u00e4rz<\/h1><blockquote><h1><img loading=\"lazy\" decoding=\"async\" src=\"http:\/\/schulen.eduhi.at\/vs.st.aegidi\/Musikkapelle.png\" alt=\"\" width=\"471\" height=\"331\" \/><\/h1><p>\u00a0<\/p><\/blockquote><p class=\"Stil5\">Erd\u00e4pfelprojekt<\/p><h1><img loading=\"lazy\" decoding=\"async\" src=\"http:\/\/schulen.eduhi.at\/vs.st.aegidi\/bilder\/Chronik-bilder\/ChroB1718\/Klassenfotos\/2018-07-03\/IMG_20180502_094356.jpg\" width=\"228\" height=\"324\" \/><img loading=\"lazy\" decoding=\"async\" src=\"http:\/\/schulen.eduhi.at\/vs.st.aegidi\/bilder\/Chronik-bilder\/ChroB1718\/Klassenfotos\/2018-07-03\/IMG_20180502_094444.jpg\" width=\"335\" height=\"248\" \/><\/h1><blockquote><h1><img loading=\"lazy\" decoding=\"async\" src=\"http:\/\/schulen.eduhi.at\/vs.st.aegidi\/bilder\/Chronik-bilder\/ChroB1718\/Klassenfotos\/2018-07-03\/IMG_20180502_095758.jpg\" width=\"447\" height=\"332\" \/><\/h1><h1>\u00a0<\/h1><p>\u00a0<\/p><\/blockquote><h1 class=\"Stil5\">Sachunterricht in der 3. Klasse:<br \/>Wir machen einen Flaschengarten!<\/h1><blockquote><p><img loading=\"lazy\" decoding=\"async\" src=\"http:\/\/schulen.eduhi.at\/vs.st.aegidi\/bilder\/Chronik-bilder\/ChroB1718\/Klassenfotos\/2018-07-03\/IMG-20180628-WA0017.jpg\" width=\"251\" height=\"355\" \/><img loading=\"lazy\" decoding=\"async\" src=\"http:\/\/schulen.eduhi.at\/vs.st.aegidi\/bilder\/Chronik-bilder\/ChroB1718\/Klassenfotos\/2018-07-03\/IMG-20180628-WA0020.jpg\" width=\"243\" height=\"352\" \/><\/p><\/blockquote><h1 class=\"Stil5\">\u00a0<\/h1><h1 class=\"Stil5\">Kindersicherheitsolympiade<\/h1><h1>Die SAFETY-Tour ist ein Teambewerb bei dem die Kinder der 3. Klasse Volksschule spielerisch erlernen Gefahren zu erkennen und auf diese zu reagieren.<\/h1><blockquote><h1><img loading=\"lazy\" decoding=\"async\" src=\"http:\/\/schulen.eduhi.at\/vs.st.aegidi\/bilder\/Chronik-bilder\/ChroB1718\/Klassenfotos\/2018-07-03\/IMG_20180508_083654.jpg\" width=\"480\" height=\"360\" \/><\/h1><h1>\u00a0<\/h1><p>\u00a0<\/p><\/blockquote><h1 class=\"Stil5\">Waldjugendspiele<\/h1><h1>Gemeinsam mit einem F\u00f6rster erforschte die 3. Klasse einen Wald in Passau. Sie lernten viel \u00fcber heimische B\u00e4ume und Tiere. <br \/>Bei verschiedenen Stationen konnten die Sch\u00fclerinnen und Sch\u00fcler ihr Wissen und ihre Geschicklichkeit unter Beweis stellen.<\/h1><blockquote><blockquote><p><img loading=\"lazy\" decoding=\"async\" src=\"http:\/\/schulen.eduhi.at\/vs.st.aegidi\/bilder\/Chronik-bilder\/ChroB1718\/Klassenfotos\/2018-07-03\/IMG_20180605_114603.jpg\" width=\"432\" height=\"318\" \/><\/p><\/blockquote><\/blockquote><p>\u00a0<\/p><h1 class=\"Stil5\">Bezirksrundfahrt<\/h1><h1>Die 3. Klasse erkundete am 21. Juni gemeinsam mit der 3. Klasse der Volksschule Kopfing unseren Heimatbezirk Sch\u00e4rding. <br \/>Erkundungsstationen waren unteranderem Sch\u00e4rding, Wernstein, Schardenberg, Jochenstein und Engelhartszell.<\/h1><\/blockquote><p><img loading=\"lazy\" decoding=\"async\" src=\"http:\/\/schulen.eduhi.at\/vs.st.aegidi\/bilder\/Chronik-bilder\/ChroB1718\/Klassenfotos\/2018-07-03\/IMG_20180621_090945.jpg\" width=\"288\" height=\"219\" \/><img loading=\"lazy\" decoding=\"async\" src=\"http:\/\/schulen.eduhi.at\/vs.st.aegidi\/bilder\/Chronik-bilder\/ChroB1718\/Klassenfotos\/2018-07-03\/IMG_20180621_094530.jpg\" width=\"378\" height=\"170\" \/><\/p><blockquote><blockquote><blockquote><p><img loading=\"lazy\" decoding=\"async\" src=\"http:\/\/schulen.eduhi.at\/vs.st.aegidi\/bilder\/Chronik-bilder\/ChroB1718\/Klassenfotos\/2018-07-03\/IMG_20180621_124600.jpg\" width=\"443\" height=\"334\" \/><\/p><\/blockquote><\/blockquote><h1 class=\"Stil5\">\u00a0<\/h1><h1 class=\"Stil5\">Linz-Tage<\/h1><h1>Die 4. Klasse erkundete gemeinsam mit der 4. Klasse der Volksschule Kopfing am 21. und 22. Juni unsere Landeshauptstadt Linz.<\/h1><blockquote><p><img loading=\"lazy\" decoding=\"async\" src=\"http:\/\/schulen.eduhi.at\/vs.st.aegidi\/bilder\/Chronik-bilder\/ChroB1718\/Klassenfotos\/2018-07-03\/IMG-20180628-WA0003.jpg\" width=\"480\" height=\"360\" \/><\/p><\/blockquote><\/blockquote><p><img loading=\"lazy\" decoding=\"async\" src=\"http:\/\/schulen.eduhi.at\/vs.st.aegidi\/bilder\/Chronik-bilder\/ChroB1718\/Klassenfotos\/2018-07-03\/IMG-20180628-WA0007.jpg\" width=\"252\" height=\"315\" \/><img loading=\"lazy\" decoding=\"async\" src=\"http:\/\/schulen.eduhi.at\/vs.st.aegidi\/bilder\/Chronik-bilder\/ChroB1718\/Klassenfotos\/2018-07-03\/IMG-20180628-WA0004.jpg\" width=\"354\" height=\"259\" \/><\/p><blockquote><blockquote><blockquote><p><img loading=\"lazy\" decoding=\"async\" src=\"http:\/\/schulen.eduhi.at\/vs.st.aegidi\/bilder\/Chronik-bilder\/ChroB1718\/Klassenfotos\/2018-07-03\/IMG-20180628-WA0005.jpg\" width=\"389\" height=\"269\" \/><\/p><p>\u00a0<\/p><\/blockquote><\/blockquote><h1 class=\"Stil5\">Lesenacht der 3. Klasse<\/h1><\/blockquote><h1 class=\"Stil5\"><img loading=\"lazy\" decoding=\"async\" src=\"http:\/\/schulen.eduhi.at\/vs.st.aegidi\/bilder\/Chronik-bilder\/ChroB1718\/Klassenfotos\/2018-07-03\/IMG_20180625_215220.jpg\" width=\"304\" height=\"242\" \/><img loading=\"lazy\" decoding=\"async\" src=\"http:\/\/schulen.eduhi.at\/vs.st.aegidi\/bilder\/Chronik-bilder\/ChroB1718\/Klassenfotos\/2018-07-03\/IMG_20180626_072551_BURST002.jpg\" width=\"315\" height=\"233\" \/><\/h1><blockquote><h1 class=\"Stil5\"><img loading=\"lazy\" decoding=\"async\" src=\"http:\/\/schulen.eduhi.at\/vs.st.aegidi\/bilder\/Chronik-bilder\/ChroB1718\/Klassenfotos\/2018-07-03\/IMG_20180626_004940.jpg\" width=\"266\" height=\"363\" \/><img loading=\"lazy\" decoding=\"async\" src=\"http:\/\/schulen.eduhi.at\/vs.st.aegidi\/bilder\/Chronik-bilder\/ChroB1718\/Klassenfotos\/2018-07-03\/IMG_20180626_081040.jpg\" width=\"279\" height=\"357\" \/><\/h1><\/blockquote><h1 class=\"Stil5\">\u00a0<\/h1><h1 class=\"Stil5\">R\u00f6merfest<\/h1><h1 class=\"Stil5\"><img loading=\"lazy\" decoding=\"async\" src=\"http:\/\/schulen.eduhi.at\/vs.st.aegidi\/bilder\/Chronik-bilder\/ChroB1718\/Klassenfotos\/2018-07-05\/IMG_20180629_154630.jpg\" width=\"333\" height=\"256\" \/> <img loading=\"lazy\" decoding=\"async\" src=\"http:\/\/schulen.eduhi.at\/vs.st.aegidi\/bilder\/Chronik-bilder\/ChroB1718\/Klassenfotos\/2018-07-05\/IMG_20180629_161133.jpg\" width=\"329\" height=\"246\" \/><\/h1><p>\u00a0<\/p><h1 class=\"Stil5\">Wandertag, 2. Juli 2018<\/h1><blockquote><h1 class=\"Stil5\"><img loading=\"lazy\" decoding=\"async\" src=\"http:\/\/schulen.eduhi.at\/vs.st.aegidi\/bilder\/Chronik-bilder\/ChroB1718\/Klassenfotos\/2018-07-03\/IMG-20180703-WA0005.jpg\" width=\"489\" height=\"328\" \/><\/h1><h1 class=\"Stil5\">\u00a0<\/h1><\/blockquote><h1 class=\"Stil5\">Lesenacht der 4. Klasse<\/h1><h1 class=\"Stil5\"><img loading=\"lazy\" decoding=\"async\" src=\"http:\/\/schulen.eduhi.at\/vs.st.aegidi\/bilder\/Chronik-bilder\/ChroB1718\/Klassenfotos\/2018-07-05\/IMG-20180703-WA0012.jpg\" width=\"318\" height=\"229\" \/> <img loading=\"lazy\" decoding=\"async\" src=\"http:\/\/schulen.eduhi.at\/vs.st.aegidi\/bilder\/Chronik-bilder\/ChroB1718\/Klassenfotos\/2018-07-05\/IMG-20180703-WA0008.jpg\" width=\"308\" height=\"228\" \/><\/h1><\/blockquote>\t\t\t\t\t\t\t\t<\/div>\n\t\t\t\t<\/div>\n\t\t\t\t\t<\/div>\n\t\t<\/div>\n\t\t\t\t\t<\/div>\n\t\t<\/section>\n\t\t\t\t<\/div>\n\t\t","protected":false},"excerpt":{"rendered":"<p>Schuljahr 2017\/18 9 Kinder besuchen heuer die 1. Klasse. Wir begr\u00fc\u00dfen alle recht herzlich. Unsere <a class=\"more-link\" href=\"https:\/\/volksschule.st-aegidi.at\/index.php\/chronik\/elementor-76\/\">Weiterlesen&#8230;<\/a><\/p>\n","protected":false},"author":4,"featured_media":0,"parent":18,"menu_order":0,"comment_status":"closed","ping_status":"closed","template":"","meta":{"footnotes":""},"class_list":["post-76","page","type-page","status-publish","hentry"],"jetpack_sharing_enabled":true,"_links":{"self":[{"href":"https:\/\/volksschule.st-aegidi.at\/index.php\/wp-json\/wp\/v2\/pages\/76","targetHints":{"allow":["GET"]}}],"collection":[{"href":"https:\/\/volksschule.st-aegidi.at\/index.php\/wp-json\/wp\/v2\/pages"}],"about":[{"href":"https:\/\/volksschule.st-aegidi.at\/index.php\/wp-json\/wp\/v2\/types\/page"}],"author":[{"embeddable":true,"href":"https:\/\/volksschule.st-aegidi.at\/index.php\/wp-json\/wp\/v2\/users\/4"}],"replies":[{"embeddable":true,"href":"https:\/\/volksschule.st-aegidi.at\/index.php\/wp-json\/wp\/v2\/comments?post=76"}],"version-history":[{"count":4,"href":"https:\/\/volksschule.st-aegidi.at\/index.php\/wp-json\/wp\/v2\/pages\/76\/revisions"}],"predecessor-version":[{"id":80,"href":"https:\/\/volksschule.st-aegidi.at\/index.php\/wp-json\/wp\/v2\/pages\/76\/revisions\/80"}],"up":[{"embeddable":true,"href":"https:\/\/volksschule.st-aegidi.at\/index.php\/wp-json\/wp\/v2\/pages\/18"}],"wp:attachment":[{"href":"https:\/\/volksschule.st-aegidi.at\/index.php\/wp-json\/wp\/v2\/media?parent=76"}],"curies":[{"name":"wp","href":"https:\/\/api.w.org\/{rel}","templated":true}]}}