{"id":81,"date":"2020-07-08T06:56:20","date_gmt":"2020-07-08T06:56:20","guid":{"rendered":"https:\/\/volksschule.st-aegidi.at\/?page_id=81"},"modified":"2020-07-08T06:56:33","modified_gmt":"2020-07-08T06:56:33","slug":"schuljahr-2016-17","status":"publish","type":"page","link":"https:\/\/volksschule.st-aegidi.at\/index.php\/chronik\/schuljahr-2016-17\/","title":{"rendered":"Schuljahr 2016\/17"},"content":{"rendered":"\t\t<div data-elementor-type=\"wp-page\" data-elementor-id=\"81\" class=\"elementor elementor-81\">\n\t\t\t\t\t\t<section class=\"elementor-section elementor-top-section elementor-element elementor-element-a8b9a94 elementor-section-boxed elementor-section-height-default elementor-section-height-default\" data-id=\"a8b9a94\" data-element_type=\"section\" data-e-type=\"section\">\n\t\t\t\t\t\t<div class=\"elementor-container elementor-column-gap-default\">\n\t\t\t\t\t<div class=\"elementor-column elementor-col-100 elementor-top-column elementor-element elementor-element-d151ef4\" data-id=\"d151ef4\" data-element_type=\"column\" data-e-type=\"column\">\n\t\t\t<div class=\"elementor-widget-wrap elementor-element-populated\">\n\t\t\t\t\t\t<div class=\"elementor-element elementor-element-0931303 elementor-widget elementor-widget-text-editor\" data-id=\"0931303\" data-element_type=\"widget\" data-e-type=\"widget\" data-widget_type=\"text-editor.default\">\n\t\t\t\t<div class=\"elementor-widget-container\">\n\t\t\t\t\t\t\t\t\t<h1 align=\"center\">Schuljahr 2016\/17<\/h1><p>\u00a0<\/p><p align=\"center\">16 Kinder besuchen heuer die 1. Klasse. Wir begr\u00fc\u00dfen alle recht herzlich.<\/p><p align=\"center\">Unsere Schulanf\u00e4ngerInnen bekommen eine Warnweste vom Zivilschutzverband.<\/p><p align=\"center\"><img fetchpriority=\"high\" decoding=\"async\" src=\"http:\/\/schulen.eduhi.at\/vs.st.aegidi\/bilder\/Chronik-bilder\/ChroB1617\/1.Klasse 16_17\/20161004_080828.jpg\" alt=\"\" width=\"480\" height=\"360\" \/><\/p><h1 align=\"center\">\u00a0<\/h1><h1 align=\"center\">Projekt<\/h1><h1 align=\"center\">FLYING TREES<\/h1><h1 align=\"center\">Luftballonstart<\/h1><h2 align=\"center\"><img decoding=\"async\" src=\"http:\/\/schulen.eduhi.at\/vs.st.aegidi\/bilder\/Chronik-bilder\/ChroB1617\/LUFTBALLONSTART Flying Trees\/IMG_0769 - Kopie.JPG\" width=\"480\" height=\"360\" \/><\/h2><p align=\"center\">\u00a0<\/p><p align=\"center\">\u00a0<\/p><p align=\"center\"><img decoding=\"async\" src=\"http:\/\/schulen.eduhi.at\/vs.st.aegidi\/bilder\/Chronik-bilder\/ChroB1617\/LUFTBALLONSTART Flying Trees\/IMG_0771.JPG\" width=\"480\" height=\"360\" \/><\/p><p align=\"center\">\u00a0<\/p><p align=\"center\"><img loading=\"lazy\" decoding=\"async\" src=\"http:\/\/schulen.eduhi.at\/vs.st.aegidi\/bilder\/Chronik-bilder\/ChroB1617\/LUFTBALLONSTART Flying Trees\/IMG_0778.JPG\" width=\"480\" height=\"360\" \/><\/p><p align=\"center\"><img loading=\"lazy\" decoding=\"async\" src=\"http:\/\/schulen.eduhi.at\/vs.st.aegidi\/bilder\/Chronik-bilder\/ChroB1617\/LUFTBALLONSTART Flying Trees\/IMG_0779-001.JPG\" width=\"480\" height=\"360\" \/><\/p><p align=\"center\">\u00a0<\/p><p align=\"center\">\u00a0<\/p><p align=\"center\">\u00a0<\/p><h1 align=\"center\">Gartenprojekt<\/h1><p align=\"center\"><strong>Ideen und Konzepte<\/strong> zum Thema Biodiversit\u00e4t<\/p><p align=\"center\"><img loading=\"lazy\" decoding=\"async\" src=\"http:\/\/schulen.eduhi.at\/vs.st.aegidi\/bilder\/Chronik-bilder\/ChroB1617\/Garten 16\/DSC02677.JPG\" width=\"319\" height=\"480\" \/><\/p><p align=\"center\"><img loading=\"lazy\" decoding=\"async\" src=\"http:\/\/schulen.eduhi.at\/vs.st.aegidi\/bilder\/Chronik-bilder\/ChroB1617\/Garten 16\/DSC02756.JPG\" width=\"480\" height=\"319\" \/><\/p><p align=\"center\"><img loading=\"lazy\" decoding=\"async\" src=\"http:\/\/schulen.eduhi.at\/vs.st.aegidi\/bilder\/Chronik-bilder\/ChroB1617\/Garten 16\/DSC03112.JPG\" width=\"319\" height=\"480\" \/><\/p><p align=\"center\"><img loading=\"lazy\" decoding=\"async\" src=\"http:\/\/schulen.eduhi.at\/vs.st.aegidi\/bilder\/Chronik-bilder\/ChroB1617\/Garten 16\/DSC03111.JPG\" width=\"319\" height=\"480\" \/><img loading=\"lazy\" decoding=\"async\" src=\"http:\/\/schulen.eduhi.at\/vs.st.aegidi\/bilder\/Chronik-bilder\/ChroB1617\/Garten 16\/DSC03108.JPG\" width=\"480\" height=\"319\" \/><\/p><p align=\"center\">\u00a0<\/p><p align=\"center\"><img loading=\"lazy\" decoding=\"async\" src=\"http:\/\/schulen.eduhi.at\/vs.st.aegidi\/bilder\/Chronik-bilder\/ChroB1617\/Garten 16\/DSC03044.JPG\" width=\"480\" height=\"319\" \/><\/p><p align=\"center\"><img loading=\"lazy\" decoding=\"async\" src=\"http:\/\/schulen.eduhi.at\/vs.st.aegidi\/bilder\/Chronik-bilder\/ChroB1617\/Garten 16\/DSC03040.JPG\" width=\"319\" height=\"480\" \/><img loading=\"lazy\" decoding=\"async\" src=\"http:\/\/schulen.eduhi.at\/vs.st.aegidi\/bilder\/Chronik-bilder\/ChroB1617\/Garten 16\/DSC03036.JPG\" width=\"480\" height=\"319\" \/><\/p><p align=\"center\"><img loading=\"lazy\" decoding=\"async\" src=\"http:\/\/schulen.eduhi.at\/vs.st.aegidi\/bilder\/Chronik-bilder\/ChroB1617\/Garten 16\/DSC03035.JPG\" width=\"480\" height=\"319\" \/><\/p><p align=\"center\"><img loading=\"lazy\" decoding=\"async\" src=\"http:\/\/schulen.eduhi.at\/vs.st.aegidi\/bilder\/Chronik-bilder\/ChroB1617\/Garten 16\/DSC03032.JPG\" width=\"480\" height=\"319\" \/><\/p><p align=\"center\">\u00a0<\/p><p align=\"center\"><img loading=\"lazy\" decoding=\"async\" src=\"http:\/\/schulen.eduhi.at\/vs.st.aegidi\/bilder\/Chronik-bilder\/ChroB1617\/Garten 16\/DSC03028.JPG\" width=\"319\" height=\"480\" \/><\/p><p align=\"center\">\u00a0<\/p><p align=\"center\">\u00a0<\/p><p align=\"center\"><img loading=\"lazy\" decoding=\"async\" src=\"http:\/\/schulen.eduhi.at\/vs.st.aegidi\/bilder\/Chronik-bilder\/ChroB1617\/Garten 16\/DSC03025.JPG\" width=\"480\" height=\"319\" \/><\/p><p align=\"center\">\u00a0<\/p><p align=\"center\">\u00a0<\/p><p align=\"center\"><img loading=\"lazy\" decoding=\"async\" src=\"http:\/\/schulen.eduhi.at\/vs.st.aegidi\/bilder\/Chronik-bilder\/ChroB1617\/Garten 16\/DSC02915.JPG\" width=\"480\" height=\"319\" \/><\/p><p align=\"center\"><img loading=\"lazy\" decoding=\"async\" src=\"http:\/\/schulen.eduhi.at\/vs.st.aegidi\/bilder\/Chronik-bilder\/ChroB1617\/Garten 16\/DSC02910.JPG\" width=\"319\" height=\"480\" \/><\/p><p align=\"center\"><img loading=\"lazy\" decoding=\"async\" src=\"http:\/\/schulen.eduhi.at\/vs.st.aegidi\/bilder\/Chronik-bilder\/ChroB1617\/Garten 16\/DSC02903.JPG\" width=\"319\" height=\"480\" \/><\/p><p align=\"center\"><img loading=\"lazy\" decoding=\"async\" src=\"http:\/\/schulen.eduhi.at\/vs.st.aegidi\/bilder\/Chronik-bilder\/ChroB1617\/Garten 16\/DSC02892.JPG\" width=\"480\" height=\"319\" \/><\/p><p align=\"center\"><img loading=\"lazy\" decoding=\"async\" src=\"http:\/\/schulen.eduhi.at\/vs.st.aegidi\/bilder\/Chronik-bilder\/ChroB1617\/Garten 16\/DSC02890.JPG\" width=\"264\" height=\"367\" \/><img loading=\"lazy\" decoding=\"async\" src=\"http:\/\/schulen.eduhi.at\/vs.st.aegidi\/bilder\/Chronik-bilder\/ChroB1617\/Garten 16\/DSC02849.JPG\" width=\"328\" height=\"212\" \/><\/p><p align=\"center\"><img loading=\"lazy\" decoding=\"async\" src=\"http:\/\/schulen.eduhi.at\/vs.st.aegidi\/bilder\/Chronik-bilder\/ChroB1617\/Garten 16\/DSC02851.JPG\" width=\"351\" height=\"220\" \/><\/p><p align=\"center\"><img loading=\"lazy\" decoding=\"async\" src=\"http:\/\/schulen.eduhi.at\/vs.st.aegidi\/bilder\/Chronik-bilder\/ChroB1617\/Garten 16\/DSC02847.JPG\" width=\"330\" height=\"206\" \/><\/p><p align=\"center\">\u00a0<\/p><p align=\"center\"><img loading=\"lazy\" decoding=\"async\" src=\"http:\/\/schulen.eduhi.at\/vs.st.aegidi\/bilder\/Chronik-bilder\/ChroB1617\/Garten 16\/DSC02840.JPG\" width=\"349\" height=\"213\" \/><\/p><p align=\"center\"><img loading=\"lazy\" decoding=\"async\" src=\"http:\/\/schulen.eduhi.at\/vs.st.aegidi\/bilder\/Chronik-bilder\/ChroB1617\/Garten 16\/DSC02821.JPG\" width=\"388\" height=\"273\" \/><\/p><h1 align=\"center\">\u00a0<\/h1><h1 align=\"center\">Siegerfoto &#8211; Gewinnspiel<\/h1><p align=\"center\">Naturdetektive gesucht &#8211; Biodiversit\u00e4t<\/p><p align=\"center\"><img loading=\"lazy\" decoding=\"async\" src=\"http:\/\/schulen.eduhi.at\/vs.st.aegidi\/bilder\/Chronik-bilder\/ChroB1617\/Garten 16\/DSC03116.JPG\" alt=\"\" width=\"480\" height=\"319\" \/><\/p><p>Zahlreiche Schulen aus ganz \u00d6sterreich haben ihre <strong>Ideen und Konzepte<\/strong> zum Thema &#8222;Naturdetektive gesucht &#8211; Biodiversit\u00e4t&#8220; beim Alpenschule Schulwettbewerb 2016 eingereicht. Drei davon wurden letztendlich von der Jury als Gewinner ausgew\u00e4hlt.Eine davon war die Musikvolksschule St. Aegidi! Der Gewinn umfasst f\u00fcr alle Sch\u00fclerInnen der 3. Klasse einen kostenlosen Aufenthalt (5 Tage) in der Alpenschule Westendorf.<\/p><p>\u00a0<\/p><p>Auszug aus dem Alpenschule Gewinnspiel 2016<\/p><h3>\u00a0&#8222;BIODIVERSIT\u00c4T RUND UM UNSERE SCHULE&#8220; &#8211; VS St. \u00c4gidi \/ Ober\u00f6sterreich\u00a0<\/h3><p>In der\u00a0<a href=\"http:\/\/schulen.eduhi.at\/vs.st.aegidi\/\" target=\"_blank\" rel=\"noopener\">Volksschule St. \u00c4gidi in Ober\u00f6sterreich<\/a>\u00a0wurde Biodiversit\u00e4t rund um die Schule gelebt. Es wurde ein Insektenhotel unter den Obstb\u00e4umen auf der Schulwiese aufgestellt und bienenfreundliche Blumen angepflanzt. Die Sch\u00fclerinnen und Sch\u00fcler gestalteten gemeinsam mit Ihren Lehrerinnen und Lehrern den Schulgarten, der von einer Fl\u00fcchtlingsfamilie, die in der Schulwohnung wohnt, gen\u00fctzt werden kann. Im Rahmen des Unterrichts wurden auch Kr\u00e4uter angesetzt und verarbeitet.<\/p><p>http:\/\/www.zurueckzumursprung.at\/ereignisreiches\/gewinnspiele\/alpenschule-gewinnspiel-2016\/<\/p><h1 align=\"center\">Schwimmtage<\/h1><h1 align=\"center\"><img loading=\"lazy\" decoding=\"async\" src=\"http:\/\/schulen.eduhi.at\/vs.st.aegidi\/bilder\/Chronik-bilder\/ChroB1617\/Schwimmen 16\/DSC03386.JPG\" width=\"480\" height=\"319\" \/><\/h1><h1 align=\"center\"><img loading=\"lazy\" decoding=\"async\" src=\"http:\/\/schulen.eduhi.at\/vs.st.aegidi\/bilder\/Chronik-bilder\/ChroB1617\/Schwimmen 16\/DSC03393.JPG\" width=\"480\" height=\"319\" \/><\/h1><p align=\"center\"><img loading=\"lazy\" decoding=\"async\" src=\"http:\/\/schulen.eduhi.at\/vs.st.aegidi\/bilder\/Chronik-bilder\/ChroB1617\/Schwimmen 16\/DSC03412.JPG\" width=\"480\" height=\"319\" \/><\/p><p align=\"center\"><img loading=\"lazy\" decoding=\"async\" src=\"http:\/\/schulen.eduhi.at\/vs.st.aegidi\/bilder\/Chronik-bilder\/ChroB1617\/Schwimmen 16\/DSC03419.JPG\" width=\"480\" height=\"319\" \/><\/p><p align=\"center\"><img loading=\"lazy\" decoding=\"async\" src=\"http:\/\/schulen.eduhi.at\/vs.st.aegidi\/bilder\/Chronik-bilder\/ChroB1617\/Schwimmen 16\/DSC03420.JPG\" width=\"480\" height=\"319\" \/><\/p><h1 align=\"center\">\u00a0<\/h1><h1 align=\"center\">\u00a0<\/h1><h1 align=\"center\">NAWI- Projekt in der NMS St. Aegidi<\/h1><p align=\"center\">\u00a0<\/p><p align=\"center\"><img loading=\"lazy\" decoding=\"async\" src=\"http:\/\/schulen.eduhi.at\/vs.st.aegidi\/bilder\/Chronik-bilder\/ChroB1617\/NMS Nawi Projekt\/DSC03183.JPG\" width=\"480\" height=\"319\" \/><img loading=\"lazy\" decoding=\"async\" src=\"http:\/\/schulen.eduhi.at\/vs.st.aegidi\/bilder\/Chronik-bilder\/ChroB1617\/NMS Nawi Projekt\/DSC03182.JPG\" width=\"213\" height=\"360\" \/><\/p><p align=\"center\"><img loading=\"lazy\" decoding=\"async\" src=\"http:\/\/schulen.eduhi.at\/vs.st.aegidi\/bilder\/Chronik-bilder\/ChroB1617\/NMS Nawi Projekt\/DSC03181-001.JPG\" width=\"196\" height=\"286\" \/><\/p><p align=\"center\"><img loading=\"lazy\" decoding=\"async\" src=\"http:\/\/schulen.eduhi.at\/vs.st.aegidi\/bilder\/Chronik-bilder\/ChroB1617\/NMS Nawi Projekt\/DSC03180-001.JPG\" width=\"186\" height=\"270\" \/><\/p><p align=\"center\"><img loading=\"lazy\" decoding=\"async\" src=\"http:\/\/schulen.eduhi.at\/vs.st.aegidi\/bilder\/Chronik-bilder\/ChroB1617\/NMS Nawi Projekt\/DSC03176-001.JPG\" width=\"207\" height=\"321\" \/><img loading=\"lazy\" decoding=\"async\" src=\"http:\/\/schulen.eduhi.at\/vs.st.aegidi\/bilder\/Chronik-bilder\/ChroB1617\/NMS Nawi Projekt\/DSC03175-001.JPG\" width=\"206\" height=\"323\" \/><img loading=\"lazy\" decoding=\"async\" src=\"http:\/\/schulen.eduhi.at\/vs.st.aegidi\/bilder\/Chronik-bilder\/ChroB1617\/NMS Nawi Projekt\/DSC03174-001.JPG\" width=\"480\" height=\"319\" \/><\/p><p align=\"center\"><img loading=\"lazy\" decoding=\"async\" src=\"http:\/\/schulen.eduhi.at\/vs.st.aegidi\/bilder\/Chronik-bilder\/ChroB1617\/NMS Nawi Projekt\/DSC03173.JPG\" width=\"480\" height=\"319\" \/><\/p><p align=\"center\"><img loading=\"lazy\" decoding=\"async\" src=\"http:\/\/schulen.eduhi.at\/vs.st.aegidi\/bilder\/Chronik-bilder\/ChroB1617\/NMS Nawi Projekt\/DSC03172.JPG\" width=\"480\" height=\"319\" \/><\/p><p align=\"center\">\u00a0<\/p><h1 align=\"center\">Zahngesundheitserziehung<\/h1><h1 align=\"center\"><img loading=\"lazy\" decoding=\"async\" src=\"http:\/\/schulen.eduhi.at\/vs.st.aegidi\/bilder\/Chronik-bilder\/ChroB1617\/Zahnerz.16\/DSC03366.JPG\" width=\"480\" height=\"319\" \/><\/h1><p align=\"center\"><img loading=\"lazy\" decoding=\"async\" src=\"http:\/\/schulen.eduhi.at\/vs.st.aegidi\/bilder\/Chronik-bilder\/ChroB1617\/Zahnerz.16\/DSC03367.JPG\" width=\"480\" height=\"319\" \/><\/p><p align=\"center\"><img loading=\"lazy\" decoding=\"async\" src=\"http:\/\/schulen.eduhi.at\/vs.st.aegidi\/bilder\/Chronik-bilder\/ChroB1617\/Zahnerz.16\/DSC03372.JPG\" width=\"480\" height=\"319\" \/><\/p><p align=\"center\"><img loading=\"lazy\" decoding=\"async\" src=\"http:\/\/schulen.eduhi.at\/vs.st.aegidi\/bilder\/Chronik-bilder\/ChroB1617\/Zahnerz.16\/DSC03373.JPG\" width=\"480\" height=\"319\" \/><\/p><p align=\"center\">\u00a0<\/p><p align=\"center\"><img loading=\"lazy\" decoding=\"async\" src=\"http:\/\/schulen.eduhi.at\/vs.st.aegidi\/bilder\/Chronik-bilder\/ChroB1617\/Zahnerz.16\/DSC03382.JPG\" width=\"480\" height=\"319\" \/><\/p><p align=\"center\">\u00a0<\/p><p align=\"center\">\u00a0<\/p><p align=\"center\">\u00a0<\/p><h1 align=\"center\">Adventfeier im Seminarhotel in Wesenufer<\/h1><p align=\"center\"><img loading=\"lazy\" decoding=\"async\" src=\"http:\/\/schulen.eduhi.at\/vs.st.aegidi\/bilder\/Chronik-bilder\/ChroB1617\/Adventfeier in Wesenufer 4.12.16\/DSC03313.JPG\" width=\"480\" height=\"319\" \/><\/p><p align=\"center\"><img loading=\"lazy\" decoding=\"async\" src=\"http:\/\/schulen.eduhi.at\/vs.st.aegidi\/bilder\/Chronik-bilder\/ChroB1617\/Adventfeier in Wesenufer 4.12.16\/DSC03312.JPG\" width=\"480\" height=\"319\" \/><img loading=\"lazy\" decoding=\"async\" src=\"http:\/\/schulen.eduhi.at\/vs.st.aegidi\/bilder\/Chronik-bilder\/ChroB1617\/Adventfeier in Wesenufer 4.12.16\/DSC03330.JPG\" width=\"480\" height=\"319\" \/><img loading=\"lazy\" decoding=\"async\" src=\"http:\/\/schulen.eduhi.at\/vs.st.aegidi\/bilder\/Chronik-bilder\/ChroB1617\/Adventfeier in Wesenufer 4.12.16\/DSC03329.JPG\" width=\"480\" height=\"319\" \/><img loading=\"lazy\" decoding=\"async\" src=\"http:\/\/schulen.eduhi.at\/vs.st.aegidi\/bilder\/Chronik-bilder\/ChroB1617\/Adventfeier in Wesenufer 4.12.16\/DSC03328.JPG\" width=\"480\" height=\"319\" \/><img loading=\"lazy\" decoding=\"async\" src=\"http:\/\/schulen.eduhi.at\/vs.st.aegidi\/bilder\/Chronik-bilder\/ChroB1617\/Adventfeier in Wesenufer 4.12.16\/DSC03326.JPG\" width=\"480\" height=\"319\" \/><img loading=\"lazy\" decoding=\"async\" src=\"http:\/\/schulen.eduhi.at\/vs.st.aegidi\/bilder\/Chronik-bilder\/ChroB1617\/Adventfeier in Wesenufer 4.12.16\/DSC03324.JPG\" width=\"480\" height=\"319\" \/><img loading=\"lazy\" decoding=\"async\" src=\"http:\/\/schulen.eduhi.at\/vs.st.aegidi\/bilder\/Chronik-bilder\/ChroB1617\/Adventfeier in Wesenufer 4.12.16\/DSC03322.JPG\" width=\"480\" height=\"319\" \/><img loading=\"lazy\" decoding=\"async\" src=\"http:\/\/schulen.eduhi.at\/vs.st.aegidi\/bilder\/Chronik-bilder\/ChroB1617\/Adventfeier in Wesenufer 4.12.16\/DSC03316.JPG\" width=\"480\" height=\"319\" \/><\/p><p align=\"center\"><img loading=\"lazy\" decoding=\"async\" src=\"http:\/\/schulen.eduhi.at\/vs.st.aegidi\/bilder\/Chronik-bilder\/ChroB1617\/Adventfeier in Wesenufer 4.12.16\/DSC03315.JPG\" width=\"480\" height=\"319\" \/><\/p><p align=\"center\">\u00a0<\/p><p align=\"center\">\u00a0<\/p><h1 align=\"center\">Adventfeiern in unserer Schule<\/h1><h1 align=\"center\"><img loading=\"lazy\" decoding=\"async\" src=\"http:\/\/schulen.eduhi.at\/vs.st.aegidi\/bilder\/Chronik-bilder\/ChroB1617\/3.Adventfeier\/DSC03342.JPG\" width=\"480\" height=\"319\" \/><\/h1><h1 align=\"center\">\u00a0<\/h1><p align=\"center\"><img loading=\"lazy\" decoding=\"async\" src=\"http:\/\/schulen.eduhi.at\/vs.st.aegidi\/bilder\/Chronik-bilder\/ChroB1617\/3.Adventfeier\/DSC03336.JPG\" width=\"319\" height=\"480\" \/><\/p><p align=\"center\">\u00a0<\/p><h1 align=\"center\">\u00a0<\/h1><h1 align=\"center\">Oravortrag<\/h1><p align=\"center\"><img loading=\"lazy\" decoding=\"async\" src=\"http:\/\/schulen.eduhi.at\/vs.st.aegidi\/bilder\/Chronik-bilder\/ChroB1617\/ORA\/DSC03163.JPG\" width=\"480\" height=\"319\" \/><\/p><p align=\"center\">\u00a0<\/p><p align=\"center\">\u00a0<\/p><p align=\"center\"><img loading=\"lazy\" decoding=\"async\" src=\"http:\/\/schulen.eduhi.at\/vs.st.aegidi\/bilder\/Chronik-bilder\/ChroB1617\/ORA\/DSC03169.JPG\" width=\"480\" height=\"319\" \/><\/p><p align=\"center\">\u00a0<\/p><p align=\"center\"><img loading=\"lazy\" decoding=\"async\" src=\"http:\/\/schulen.eduhi.at\/vs.st.aegidi\/bilder\/Chronik-bilder\/ChroB1617\/ORA\/DSC03170.JPG\" width=\"319\" height=\"480\" \/><\/p><p align=\"center\">\u00a0<\/p><p align=\"center\">\u00a0<\/p><h2 align=\"center\">\u00a0<\/h2><h1 align=\"center\">Soziale Aktion im Advent<\/h1><p align=\"center\">Wir sammeln f\u00fcr Ziegen!<\/p><p align=\"center\"><img loading=\"lazy\" decoding=\"async\" src=\"http:\/\/schulen.eduhi.at\/vs.st.aegidi\/bilder\/Chronik-bilder\/ChroB1617\/Ziegenprojekt 16\/DSC03362.JPG\" alt=\"\" width=\"480\" height=\"319\" \/><\/p><p align=\"center\">\u00a0<\/p><h1 align=\"center\">Musikworkshop<\/h1><p align=\"center\"><img loading=\"lazy\" decoding=\"async\" src=\"http:\/\/schulen.eduhi.at\/vs.st.aegidi\/bilder\/Chronik-bilder\/ChroB1617\/Neuer Ordner\/IMG_2110.JPG\" alt=\"bild5\" width=\"480\" height=\"360\" \/><\/p><p align=\"center\">\u00a0<\/p><p align=\"center\">\u00a0<\/p><h1 align=\"center\">EXE 2017 in Andorf<\/h1><p align=\"center\"><img loading=\"lazy\" decoding=\"async\" src=\"http:\/\/schulen.eduhi.at\/vs.st.aegidi\/bilder\/Chronik-bilder\/ChroB1617\/Neuer Ordner\/IMG_0957.JPG\" alt=\"bild2\" width=\"480\" height=\"360\" \/><\/p><p align=\"center\">\u00a0<\/p><h1 align=\"center\">Besuch beim B\u00fcrgermeister<\/h1><p align=\"center\"><img loading=\"lazy\" decoding=\"async\" src=\"http:\/\/schulen.eduhi.at\/vs.st.aegidi\/bilder\/Chronik-bilder\/ChroB1617\/Neuer Ordner\/VSBgm2017.JPG\" alt=\"bild7\" width=\"480\" height=\"327\" \/><\/p><h1 align=\"center\">\u00a0<\/h1><h1 align=\"center\">Bezirksjugendsingen in Sch\u00e4rding<\/h1><h1 align=\"center\"><img loading=\"lazy\" decoding=\"async\" src=\"http:\/\/schulen.eduhi.at\/vs.st.aegidi\/bilder\/Chronik-bilder\/ChroB1617\/Neuer Ordner\/IMG_0969.JPG\" alt=\"bild 3\" width=\"480\" height=\"360\" \/><\/h1><h2 align=\"center\"><img loading=\"lazy\" decoding=\"async\" src=\"http:\/\/schulen.eduhi.at\/vs.st.aegidi\/bilder\/Chronik-bilder\/ChroB1617\/Neuer Ordner\/IMG_0973.JPG\" alt=\"bild4\" width=\"480\" height=\"360\" \/><\/h2><p align=\"center\">\u00a0<\/p><h1 align=\"center\">Helfi Bewerb in Andorf<\/h1><p align=\"center\">5 .Platz unter 25 teilnehmenden Gruppen erm\u00f6glicht die Teilnahme am Landesbewerb in Wels.<\/p><p align=\"center\"><img loading=\"lazy\" decoding=\"async\" src=\"http:\/\/schulen.eduhi.at\/vs.st.aegidi\/bilder\/Chronik-bilder\/ChroB1617\/Neuer Ordner\/IMG_2211.JPG\" alt=\"bild6\" width=\"360\" height=\"480\" \/><\/p><p align=\"center\">\u00a0<\/p><p align=\"center\">\u00a0<\/p><h1 align=\"center\">Sicherheitsolympiade in Esternberg<\/h1><h1 align=\"center\">Bezirkssieger<\/h1><p align=\"center\"><img loading=\"lazy\" decoding=\"async\" src=\"http:\/\/schulen.eduhi.at\/vs.st.aegidi\/bilder\/Chronik-bilder\/ChroB1617\/Neuer Ordner\/IMG-20170508-WA0003.JPG\" alt=\"bild 1\" width=\"480\" height=\"288\" \/><\/p>\t\t\t\t\t\t\t\t<\/div>\n\t\t\t\t<\/div>\n\t\t\t\t\t<\/div>\n\t\t<\/div>\n\t\t\t\t\t<\/div>\n\t\t<\/section>\n\t\t\t\t<\/div>\n\t\t","protected":false},"excerpt":{"rendered":"<p>Schuljahr 2016\/17 \u00a0 16 Kinder besuchen heuer die 1. Klasse. Wir begr\u00fc\u00dfen alle recht herzlich. <a class=\"more-link\" href=\"https:\/\/volksschule.st-aegidi.at\/index.php\/chronik\/schuljahr-2016-17\/\">Weiterlesen&#8230;<\/a><\/p>\n","protected":false},"author":4,"featured_media":0,"parent":18,"menu_order":0,"comment_status":"closed","ping_status":"closed","template":"","meta":{"footnotes":""},"class_list":["post-81","page","type-page","status-publish","hentry"],"jetpack_sharing_enabled":true,"_links":{"self":[{"href":"https:\/\/volksschule.st-aegidi.at\/index.php\/wp-json\/wp\/v2\/pages\/81","targetHints":{"allow":["GET"]}}],"collection":[{"href":"https:\/\/volksschule.st-aegidi.at\/index.php\/wp-json\/wp\/v2\/pages"}],"about":[{"href":"https:\/\/volksschule.st-aegidi.at\/index.php\/wp-json\/wp\/v2\/types\/page"}],"author":[{"embeddable":true,"href":"https:\/\/volksschule.st-aegidi.at\/index.php\/wp-json\/wp\/v2\/users\/4"}],"replies":[{"embeddable":true,"href":"https:\/\/volksschule.st-aegidi.at\/index.php\/wp-json\/wp\/v2\/comments?post=81"}],"version-history":[{"count":2,"href":"https:\/\/volksschule.st-aegidi.at\/index.php\/wp-json\/wp\/v2\/pages\/81\/revisions"}],"predecessor-version":[{"id":85,"href":"https:\/\/volksschule.st-aegidi.at\/index.php\/wp-json\/wp\/v2\/pages\/81\/revisions\/85"}],"up":[{"embeddable":true,"href":"https:\/\/volksschule.st-aegidi.at\/index.php\/wp-json\/wp\/v2\/pages\/18"}],"wp:attachment":[{"href":"https:\/\/volksschule.st-aegidi.at\/index.php\/wp-json\/wp\/v2\/media?parent=81"}],"curies":[{"name":"wp","href":"https:\/\/api.w.org\/{rel}","templated":true}]}}